{"id":77107,"date":"2025-11-30T10:46:53","date_gmt":"2025-11-30T09:46:53","guid":{"rendered":"https:\/\/rernlv.saavatar.top\/?post_type=product&#038;p=77107"},"modified":"2026-02-02T14:13:02","modified_gmt":"2026-02-02T13:13:02","slug":"lexus-gs300-1998-2005-couverture-de-console-centrale-de-remplacement-dorigine","status":"publish","type":"product","link":"https:\/\/rernlv.saavatar.top\/fr\/product\/lexus-gs300-1998-2005-oem-replacement-center-console-cover\/","title":{"rendered":"Lexus GS300 1998-2005 | Couverture de console centrale de remplacement OEM"},"content":{"rendered":"<p><span data-sheets-root=\"1\">Restaurez l'int\u00e9rieur de votre Lexus GS300 1998-2005 gr\u00e2ce \u00e0 notre housse de console centrale de remplacement OEM haut de gamme, con\u00e7ue par des experts pour correspondre aux sp\u00e9cifications d'origine de votre Lexus. Chaque housse offre un ajustement et une finition parfaits, garantissant une int\u00e9gration parfaite \u00e0 l'int\u00e9rieur de votre v\u00e9hicule.<\/span><\/p>\n<p><strong style=\"color: #ff0000;\">Remarque :<strong> Le couvercle n'est pas inclus ; il s'agit uniquement d'un couvercle de remplacement<\/strong><\/strong><\/p>","protected":false},"excerpt":{"rendered":"<p><span data-sheets-root=\"1\">Transformez votre Lexus GS300 1998-2005 gr\u00e2ce \u00e0 notre housse de console centrale haut de gamme, assortie \u00e0 celle d'origine, avec une correspondance parfaite des couleurs et une garantie d'ajustement pr\u00e9cis.<\/span><\/p>","protected":false},"featured_media":77111,"comment_status":"closed","ping_status":"closed","template":"","meta":{"_kad_blocks_custom_css":"","_kad_blocks_head_custom_js":"","_kad_blocks_body_custom_js":"","_kad_blocks_footer_custom_js":""},"product_brand":[81],"product_cat":[396,22],"product_tag":[],"class_list":{"0":"post-77107","1":"product","2":"type-product","3":"status-publish","4":"has-post-thumbnail","6":"product_brand-lexus","7":"product_cat-center-console","8":"product_cat-extra-cover","10":"first","11":"instock","12":"taxable","13":"shipping-taxable","14":"purchasable","15":"product-type-variable"},"ct_brands":[{"id":81,"name":"Lexus","slug":"lexus"}],"taxonomy_info":{"product_brand":[{"value":81,"label":"Lexus"}],"product_cat":[{"value":396,"label":"Center Console"},{"value":22,"label":"Extra Cover"}]},"featured_image_src_large":["https:\/\/rernlv.saavatar.top\/wp-content\/uploads\/2025\/11\/lexus-GS300-leather-1998-2005-ivory-center-console-oem-replacement-seat-cover-3-1024x1024.webp",1024,1024,true],"author_info":[],"comment_info":0,"meta_box":{"before_after_image":[{"width":150,"height":150,"file":"2025\/09\/USF-BA-1-Custom.webp","filesize":"21634","sizes":{"medium":{"file":"USF-BA-1-Custom-300x200.webp","width":300,"height":200,"mime-type":"image\/webp","filesize":"4848","url":"https:\/\/rernlv.saavatar.top\/wp-content\/uploads\/2025\/09\/USF-BA-1-Custom-300x200.webp"},"thumbnail":{"file":"USF-BA-1-Custom-150x150.webp","width":150,"height":150,"mime-type":"image\/webp","filesize":"2338","url":"https:\/\/rernlv.saavatar.top\/wp-content\/uploads\/2025\/09\/USF-BA-1-Custom-150x150.webp"},"trp-custom-language-flag":{"file":"USF-BA-1-Custom-18x12.webp","width":18,"height":12,"mime-type":"image\/webp","filesize":"114","url":"https:\/\/rernlv.saavatar.top\/wp-content\/uploads\/2025\/09\/USF-BA-1-Custom-18x12.webp"},"woocommerce_archive_thumbnail":{"file":"USF-BA-1-Custom-500x442.webp","width":500,"height":442,"mime-type":"image\/webp","filesize":"14664","url":"https:\/\/rernlv.saavatar.top\/wp-content\/uploads\/2025\/09\/USF-BA-1-Custom-500x442.webp"},"woocommerce_thumbnail":{"file":"USF-BA-1-Custom-300x300.webp","width":300,"height":300,"mime-type":"image\/webp","filesize":"5884","uncropped":false,"url":"https:\/\/rernlv.saavatar.top\/wp-content\/uploads\/2025\/09\/USF-BA-1-Custom-300x300.webp"},"woocommerce_single":{"file":"USF-BA-1-Custom-600x400.webp","width":600,"height":400,"mime-type":"image\/webp","filesize":"12730","url":"https:\/\/rernlv.saavatar.top\/wp-content\/uploads\/2025\/09\/USF-BA-1-Custom-600x400.webp"},"woocommerce_gallery_thumbnail":{"file":"USF-BA-1-Custom-100x100.webp","width":100,"height":100,"mime-type":"image\/webp","filesize":"1318","url":"https:\/\/rernlv.saavatar.top\/wp-content\/uploads\/2025\/09\/USF-BA-1-Custom-100x100.webp"},"dgwt-wcas-product-suggestion":{"file":"USF-BA-1-Custom-64x43.webp","width":64,"height":43,"mime-type":"image\/webp","filesize":"596","url":"https:\/\/rernlv.saavatar.top\/wp-content\/uploads\/2025\/09\/USF-BA-1-Custom-64x43.webp"}},"image_meta":{"aperture":"0","credit":"","camera":"","caption":"","created_timestamp":"0","copyright":"","focal_length":"0","iso":"0","shutter_speed":"0","title":"","orientation":"0","keywords":[]},"ID":"8954","name":"USF-BA-1-Custom.webp","path":"\/home\/0VI38IMT8zU9J7hh\/UnitedSeatFactory\/public_html\/wp-content\/uploads\/2025\/09\/USF-BA-1-Custom.webp","url":"https:\/\/rernlv.saavatar.top\/wp-content\/uploads\/2025\/09\/USF-BA-1-Custom-150x150.webp","full_url":"https:\/\/rernlv.saavatar.top\/wp-content\/uploads\/2025\/09\/USF-BA-1-Custom.webp","title":"USF-BA-1 (Custom)","caption":"","description":"","alt":"","srcset":"https:\/\/rernlv.saavatar.top\/wp-content\/uploads\/2025\/09\/USF-BA-1-Custom-150x150.webp 150w, https:\/\/rernlv.saavatar.top\/wp-content\/uploads\/2025\/09\/USF-BA-1-Custom-300x300.webp 300w, https:\/\/rernlv.saavatar.top\/wp-content\/uploads\/2025\/09\/USF-BA-1-Custom-100x100.webp 100w"},{"width":150,"height":150,"file":"2025\/09\/USF-BA-2-Custom.webp","filesize":"26150","sizes":{"medium":{"file":"USF-BA-2-Custom-300x200.webp","width":300,"height":200,"mime-type":"image\/webp","filesize":"4122","url":"https:\/\/rernlv.saavatar.top\/wp-content\/uploads\/2025\/09\/USF-BA-2-Custom-300x200.webp"},"thumbnail":{"file":"USF-BA-2-Custom-150x150.webp","width":150,"height":150,"mime-type":"image\/webp","filesize":"1946","url":"https:\/\/rernlv.saavatar.top\/wp-content\/uploads\/2025\/09\/USF-BA-2-Custom-150x150.webp"},"trp-custom-language-flag":{"file":"USF-BA-2-Custom-18x12.webp","width":18,"height":12,"mime-type":"image\/webp","filesize":"112","url":"https:\/\/rernlv.saavatar.top\/wp-content\/uploads\/2025\/09\/USF-BA-2-Custom-18x12.webp"},"woocommerce_archive_thumbnail":{"file":"USF-BA-2-Custom-500x442.webp","width":500,"height":442,"mime-type":"image\/webp","filesize":"22944","url":"https:\/\/rernlv.saavatar.top\/wp-content\/uploads\/2025\/09\/USF-BA-2-Custom-500x442.webp"},"woocommerce_thumbnail":{"file":"USF-BA-2-Custom-300x300.webp","width":300,"height":300,"mime-type":"image\/webp","filesize":"5296","uncropped":false,"url":"https:\/\/rernlv.saavatar.top\/wp-content\/uploads\/2025\/09\/USF-BA-2-Custom-300x300.webp"},"woocommerce_single":{"file":"USF-BA-2-Custom-600x400.webp","width":600,"height":400,"mime-type":"image\/webp","filesize":"12924","url":"https:\/\/rernlv.saavatar.top\/wp-content\/uploads\/2025\/09\/USF-BA-2-Custom-600x400.webp"},"woocommerce_gallery_thumbnail":{"file":"USF-BA-2-Custom-100x100.webp","width":100,"height":100,"mime-type":"image\/webp","filesize":"1076","url":"https:\/\/rernlv.saavatar.top\/wp-content\/uploads\/2025\/09\/USF-BA-2-Custom-100x100.webp"},"dgwt-wcas-product-suggestion":{"file":"USF-BA-2-Custom-64x43.webp","width":64,"height":43,"mime-type":"image\/webp","filesize":"472","url":"https:\/\/rernlv.saavatar.top\/wp-content\/uploads\/2025\/09\/USF-BA-2-Custom-64x43.webp"}},"image_meta":{"aperture":"0","credit":"","camera":"","caption":"","created_timestamp":"0","copyright":"","focal_length":"0","iso":"0","shutter_speed":"0","title":"","orientation":"0","keywords":[]},"ID":"8955","name":"USF-BA-2-Custom.webp","path":"\/home\/0VI38IMT8zU9J7hh\/UnitedSeatFactory\/public_html\/wp-content\/uploads\/2025\/09\/USF-BA-2-Custom.webp","url":"https:\/\/rernlv.saavatar.top\/wp-content\/uploads\/2025\/09\/USF-BA-2-Custom-150x150.webp","full_url":"https:\/\/rernlv.saavatar.top\/wp-content\/uploads\/2025\/09\/USF-BA-2-Custom.webp","title":"USF-BA-2 (Custom)","caption":"","description":"","alt":"","srcset":"https:\/\/rernlv.saavatar.top\/wp-content\/uploads\/2025\/09\/USF-BA-2-Custom-150x150.webp 150w, https:\/\/rernlv.saavatar.top\/wp-content\/uploads\/2025\/09\/USF-BA-2-Custom-300x300.webp 300w, https:\/\/rernlv.saavatar.top\/wp-content\/uploads\/2025\/09\/USF-BA-2-Custom-100x100.webp 100w"},{"width":150,"height":150,"file":"2025\/09\/USF-BA-3-Custom.webp","filesize":"9976","sizes":{"medium":{"file":"USF-BA-3-Custom-300x200.webp","width":300,"height":200,"mime-type":"image\/webp","filesize":"3100","url":"https:\/\/rernlv.saavatar.top\/wp-content\/uploads\/2025\/09\/USF-BA-3-Custom-300x200.webp"},"thumbnail":{"file":"USF-BA-3-Custom-150x150.webp","width":150,"height":150,"mime-type":"image\/webp","filesize":"1466","url":"https:\/\/rernlv.saavatar.top\/wp-content\/uploads\/2025\/09\/USF-BA-3-Custom-150x150.webp"},"trp-custom-language-flag":{"file":"USF-BA-3-Custom-18x12.webp","width":18,"height":12,"mime-type":"image\/webp","filesize":"112","url":"https:\/\/rernlv.saavatar.top\/wp-content\/uploads\/2025\/09\/USF-BA-3-Custom-18x12.webp"},"woocommerce_archive_thumbnail":{"file":"USF-BA-3-Custom-500x442.webp","width":500,"height":442,"mime-type":"image\/webp","filesize":"8770","url":"https:\/\/rernlv.saavatar.top\/wp-content\/uploads\/2025\/09\/USF-BA-3-Custom-500x442.webp"},"woocommerce_thumbnail":{"file":"USF-BA-3-Custom-300x300.webp","width":300,"height":300,"mime-type":"image\/webp","filesize":"3576","uncropped":false,"url":"https:\/\/rernlv.saavatar.top\/wp-content\/uploads\/2025\/09\/USF-BA-3-Custom-300x300.webp"},"woocommerce_single":{"file":"USF-BA-3-Custom-600x400.webp","width":600,"height":400,"mime-type":"image\/webp","filesize":"7666","url":"https:\/\/rernlv.saavatar.top\/wp-content\/uploads\/2025\/09\/USF-BA-3-Custom-600x400.webp"},"woocommerce_gallery_thumbnail":{"file":"USF-BA-3-Custom-100x100.webp","width":100,"height":100,"mime-type":"image\/webp","filesize":"874","url":"https:\/\/rernlv.saavatar.top\/wp-content\/uploads\/2025\/09\/USF-BA-3-Custom-100x100.webp"},"dgwt-wcas-product-suggestion":{"file":"USF-BA-3-Custom-64x43.webp","width":64,"height":43,"mime-type":"image\/webp","filesize":"402","url":"https:\/\/rernlv.saavatar.top\/wp-content\/uploads\/2025\/09\/USF-BA-3-Custom-64x43.webp"}},"image_meta":{"aperture":"0","credit":"","camera":"","caption":"","created_timestamp":"0","copyright":"","focal_length":"0","iso":"0","shutter_speed":"0","title":"","orientation":"0","keywords":[]},"ID":"8956","name":"USF-BA-3-Custom.webp","path":"\/home\/0VI38IMT8zU9J7hh\/UnitedSeatFactory\/public_html\/wp-content\/uploads\/2025\/09\/USF-BA-3-Custom.webp","url":"https:\/\/rernlv.saavatar.top\/wp-content\/uploads\/2025\/09\/USF-BA-3-Custom-150x150.webp","full_url":"https:\/\/rernlv.saavatar.top\/wp-content\/uploads\/2025\/09\/USF-BA-3-Custom.webp","title":"USF-BA-3 (Custom)","caption":"","description":"","alt":"","srcset":"https:\/\/rernlv.saavatar.top\/wp-content\/uploads\/2025\/09\/USF-BA-3-Custom-150x150.webp 150w, https:\/\/rernlv.saavatar.top\/wp-content\/uploads\/2025\/09\/USF-BA-3-Custom-300x300.webp 300w, https:\/\/rernlv.saavatar.top\/wp-content\/uploads\/2025\/09\/USF-BA-3-Custom-100x100.webp 100w"},{"width":150,"height":150,"file":"2025\/09\/USF-BA-4-Custom.webp","filesize":"25624","sizes":{"medium":{"file":"USF-BA-4-Custom-300x200.webp","width":300,"height":200,"mime-type":"image\/webp","filesize":"4706","url":"https:\/\/rernlv.saavatar.top\/wp-content\/uploads\/2025\/09\/USF-BA-4-Custom-300x200.webp"},"thumbnail":{"file":"USF-BA-4-Custom-150x150.webp","width":150,"height":150,"mime-type":"image\/webp","filesize":"2176","url":"https:\/\/rernlv.saavatar.top\/wp-content\/uploads\/2025\/09\/USF-BA-4-Custom-150x150.webp"},"trp-custom-language-flag":{"file":"USF-BA-4-Custom-18x12.webp","width":18,"height":12,"mime-type":"image\/webp","filesize":"126","url":"https:\/\/rernlv.saavatar.top\/wp-content\/uploads\/2025\/09\/USF-BA-4-Custom-18x12.webp"},"woocommerce_archive_thumbnail":{"file":"USF-BA-4-Custom-500x442.webp","width":500,"height":442,"mime-type":"image\/webp","filesize":"20974","url":"https:\/\/rernlv.saavatar.top\/wp-content\/uploads\/2025\/09\/USF-BA-4-Custom-500x442.webp"},"woocommerce_thumbnail":{"file":"USF-BA-4-Custom-300x300.webp","width":300,"height":300,"mime-type":"image\/webp","filesize":"5964","uncropped":false,"url":"https:\/\/rernlv.saavatar.top\/wp-content\/uploads\/2025\/09\/USF-BA-4-Custom-300x300.webp"},"woocommerce_single":{"file":"USF-BA-4-Custom-600x400.webp","width":600,"height":400,"mime-type":"image\/webp","filesize":"15020","url":"https:\/\/rernlv.saavatar.top\/wp-content\/uploads\/2025\/09\/USF-BA-4-Custom-600x400.webp"},"woocommerce_gallery_thumbnail":{"file":"USF-BA-4-Custom-100x100.webp","width":100,"height":100,"mime-type":"image\/webp","filesize":"1266","url":"https:\/\/rernlv.saavatar.top\/wp-content\/uploads\/2025\/09\/USF-BA-4-Custom-100x100.webp"},"dgwt-wcas-product-suggestion":{"file":"USF-BA-4-Custom-64x43.webp","width":64,"height":43,"mime-type":"image\/webp","filesize":"606","url":"https:\/\/rernlv.saavatar.top\/wp-content\/uploads\/2025\/09\/USF-BA-4-Custom-64x43.webp"}},"image_meta":{"aperture":"0","credit":"","camera":"","caption":"","created_timestamp":"0","copyright":"","focal_length":"0","iso":"0","shutter_speed":"0","title":"","orientation":"0","keywords":[]},"ID":"8957","name":"USF-BA-4-Custom.webp","path":"\/home\/0VI38IMT8zU9J7hh\/UnitedSeatFactory\/public_html\/wp-content\/uploads\/2025\/09\/USF-BA-4-Custom.webp","url":"https:\/\/rernlv.saavatar.top\/wp-content\/uploads\/2025\/09\/USF-BA-4-Custom-150x150.webp","full_url":"https:\/\/rernlv.saavatar.top\/wp-content\/uploads\/2025\/09\/USF-BA-4-Custom.webp","title":"USF-BA-4 (Custom)","caption":"","description":"","alt":"","srcset":"https:\/\/rernlv.saavatar.top\/wp-content\/uploads\/2025\/09\/USF-BA-4-Custom-150x150.webp 150w, https:\/\/rernlv.saavatar.top\/wp-content\/uploads\/2025\/09\/USF-BA-4-Custom-300x300.webp 300w, https:\/\/rernlv.saavatar.top\/wp-content\/uploads\/2025\/09\/USF-BA-4-Custom-100x100.webp 100w"},{"width":150,"height":150,"file":"2025\/09\/USF-BA-5-Custom.webp","filesize":"15836","sizes":{"medium":{"file":"USF-BA-5-Custom-300x200.webp","width":300,"height":200,"mime-type":"image\/webp","filesize":"4498","url":"https:\/\/rernlv.saavatar.top\/wp-content\/uploads\/2025\/09\/USF-BA-5-Custom-300x200.webp"},"thumbnail":{"file":"USF-BA-5-Custom-150x150.webp","width":150,"height":150,"mime-type":"image\/webp","filesize":"2212","url":"https:\/\/rernlv.saavatar.top\/wp-content\/uploads\/2025\/09\/USF-BA-5-Custom-150x150.webp"},"trp-custom-language-flag":{"file":"USF-BA-5-Custom-18x12.webp","width":18,"height":12,"mime-type":"image\/webp","filesize":"132","url":"https:\/\/rernlv.saavatar.top\/wp-content\/uploads\/2025\/09\/USF-BA-5-Custom-18x12.webp"},"woocommerce_archive_thumbnail":{"file":"USF-BA-5-Custom-500x442.webp","width":500,"height":442,"mime-type":"image\/webp","filesize":"13120","url":"https:\/\/rernlv.saavatar.top\/wp-content\/uploads\/2025\/09\/USF-BA-5-Custom-500x442.webp"},"woocommerce_thumbnail":{"file":"USF-BA-5-Custom-300x300.webp","width":300,"height":300,"mime-type":"image\/webp","filesize":"5514","uncropped":false,"url":"https:\/\/rernlv.saavatar.top\/wp-content\/uploads\/2025\/09\/USF-BA-5-Custom-300x300.webp"},"woocommerce_single":{"file":"USF-BA-5-Custom-600x400.webp","width":600,"height":400,"mime-type":"image\/webp","filesize":"12440","url":"https:\/\/rernlv.saavatar.top\/wp-content\/uploads\/2025\/09\/USF-BA-5-Custom-600x400.webp"},"woocommerce_gallery_thumbnail":{"file":"USF-BA-5-Custom-100x100.webp","width":100,"height":100,"mime-type":"image\/webp","filesize":"1260","url":"https:\/\/rernlv.saavatar.top\/wp-content\/uploads\/2025\/09\/USF-BA-5-Custom-100x100.webp"},"dgwt-wcas-product-suggestion":{"file":"USF-BA-5-Custom-64x43.webp","width":64,"height":43,"mime-type":"image\/webp","filesize":"564","url":"https:\/\/rernlv.saavatar.top\/wp-content\/uploads\/2025\/09\/USF-BA-5-Custom-64x43.webp"}},"image_meta":{"aperture":"0","credit":"","camera":"","caption":"","created_timestamp":"0","copyright":"","focal_length":"0","iso":"0","shutter_speed":"0","title":"","orientation":"0","keywords":[]},"ID":"8958","name":"USF-BA-5-Custom.webp","path":"\/home\/0VI38IMT8zU9J7hh\/UnitedSeatFactory\/public_html\/wp-content\/uploads\/2025\/09\/USF-BA-5-Custom.webp","url":"https:\/\/rernlv.saavatar.top\/wp-content\/uploads\/2025\/09\/USF-BA-5-Custom-150x150.webp","full_url":"https:\/\/rernlv.saavatar.top\/wp-content\/uploads\/2025\/09\/USF-BA-5-Custom.webp","title":"USF-BA-5 (Custom)","caption":"","description":"","alt":"","srcset":"https:\/\/rernlv.saavatar.top\/wp-content\/uploads\/2025\/09\/USF-BA-5-Custom-150x150.webp 150w, https:\/\/rernlv.saavatar.top\/wp-content\/uploads\/2025\/09\/USF-BA-5-Custom-300x300.webp 300w, https:\/\/rernlv.saavatar.top\/wp-content\/uploads\/2025\/09\/USF-BA-5-Custom-100x100.webp 100w"}]},"_links":{"self":[{"href":"https:\/\/rernlv.saavatar.top\/fr\/wp-json\/wp\/v2\/product\/77107","targetHints":{"allow":["GET"]}}],"collection":[{"href":"https:\/\/rernlv.saavatar.top\/fr\/wp-json\/wp\/v2\/product"}],"about":[{"href":"https:\/\/rernlv.saavatar.top\/fr\/wp-json\/wp\/v2\/types\/product"}],"replies":[{"embeddable":true,"href":"https:\/\/rernlv.saavatar.top\/fr\/wp-json\/wp\/v2\/comments?post=77107"}],"wp:featuredmedia":[{"embeddable":true,"href":"https:\/\/rernlv.saavatar.top\/fr\/wp-json\/wp\/v2\/media\/77111"}],"wp:attachment":[{"href":"https:\/\/rernlv.saavatar.top\/fr\/wp-json\/wp\/v2\/media?parent=77107"}],"wp:term":[{"taxonomy":"product_brand","embeddable":true,"href":"https:\/\/rernlv.saavatar.top\/fr\/wp-json\/wp\/v2\/product_brand?post=77107"},{"taxonomy":"product_cat","embeddable":true,"href":"https:\/\/rernlv.saavatar.top\/fr\/wp-json\/wp\/v2\/product_cat?post=77107"},{"taxonomy":"product_tag","embeddable":true,"href":"https:\/\/rernlv.saavatar.top\/fr\/wp-json\/wp\/v2\/product_tag?post=77107"}],"curies":[{"name":"wp","href":"https:\/\/api.w.org\/{rel}","templated":true}]}}