{"id":63267,"date":"2025-10-30T14:27:25","date_gmt":"2025-10-30T13:27:25","guid":{"rendered":"https:\/\/rernlv.saavatar.top\/?post_type=product&#038;p=63267"},"modified":"2025-11-26T07:45:57","modified_gmt":"2025-11-26T06:45:57","slug":"cadillac-dts-2006-2011-housse-de-siege-de-remplacement-oem","status":"publish","type":"product","link":"https:\/\/rernlv.saavatar.top\/fr\/product\/cadillac-dts-2006-2011-oem-replacement-seat-cover\/","title":{"rendered":"Cadillac DTS 2006-2011 - Housse de si\u00e8ge de remplacement OEM"},"content":{"rendered":"<p><span data-sheets-root=\"1\">Restaurez l'int\u00e9rieur de votre Cadillac DTS 2006-2011 avec nos housses de si\u00e8ge de remplacement OEM de premi\u00e8re qualit\u00e9, fabriqu\u00e9es de mani\u00e8re experte pour correspondre aux sp\u00e9cifications de votre Cadillac d'origine. Chaque housse offre un ajustement et une finition parfaits, garantissant une int\u00e9gration parfaite \u00e0 l'int\u00e9rieur de votre v\u00e9hicule.<\/span><\/p>","protected":false},"excerpt":{"rendered":"<p>Transformez votre Cadillac DTS 2006-2011 avec nos housses de si\u00e8ge de premi\u00e8re qualit\u00e9, assorties aux couleurs d'usine et garanties d'ajustement pr\u00e9cis.<\/p>","protected":false},"featured_media":63477,"comment_status":"closed","ping_status":"closed","template":"","meta":{"_kad_blocks_custom_css":"","_kad_blocks_head_custom_js":"","_kad_blocks_body_custom_js":"","_kad_blocks_footer_custom_js":""},"product_brand":[70],"product_cat":[21],"product_tag":[],"class_list":{"0":"post-63267","1":"product","2":"type-product","3":"status-publish","4":"has-post-thumbnail","6":"product_brand-cadillac","7":"product_cat-seat-cover","9":"first","10":"instock","11":"taxable","12":"shipping-taxable","13":"purchasable","14":"product-type-variable","15":"has-default-attributes"},"ct_brands":[{"id":70,"name":"Cadillac","slug":"cadillac"}],"taxonomy_info":{"product_brand":[{"value":70,"label":"Cadillac"}],"product_cat":[{"value":21,"label":"Seat Cover"}]},"featured_image_src_large":["https:\/\/rernlv.saavatar.top\/wp-content\/uploads\/2025\/10\/cadillac-dts-genuine-leather-perforated-2006-2011-titanium-front-driver-and-passenger-bottoms-oem-replacement-seat-cover.webp",1000,1000,false],"author_info":[],"comment_info":0,"meta_box":{"before_after_image":[{"width":150,"height":150,"file":"2025\/09\/USF-BA-1-Custom.webp","filesize":"21634","sizes":{"medium":{"file":"USF-BA-1-Custom-300x200.webp","width":300,"height":200,"mime-type":"image\/webp","filesize":"4848","url":"https:\/\/rernlv.saavatar.top\/wp-content\/uploads\/2025\/09\/USF-BA-1-Custom-300x200.webp"},"thumbnail":{"file":"USF-BA-1-Custom-150x150.webp","width":150,"height":150,"mime-type":"image\/webp","filesize":"2338","url":"https:\/\/rernlv.saavatar.top\/wp-content\/uploads\/2025\/09\/USF-BA-1-Custom-150x150.webp"},"trp-custom-language-flag":{"file":"USF-BA-1-Custom-18x12.webp","width":18,"height":12,"mime-type":"image\/webp","filesize":"114","url":"https:\/\/rernlv.saavatar.top\/wp-content\/uploads\/2025\/09\/USF-BA-1-Custom-18x12.webp"},"woocommerce_archive_thumbnail":{"file":"USF-BA-1-Custom-500x442.webp","width":500,"height":442,"mime-type":"image\/webp","filesize":"14664","url":"https:\/\/rernlv.saavatar.top\/wp-content\/uploads\/2025\/09\/USF-BA-1-Custom-500x442.webp"},"woocommerce_thumbnail":{"file":"USF-BA-1-Custom-300x300.webp","width":300,"height":300,"mime-type":"image\/webp","filesize":"5884","uncropped":false,"url":"https:\/\/rernlv.saavatar.top\/wp-content\/uploads\/2025\/09\/USF-BA-1-Custom-300x300.webp"},"woocommerce_single":{"file":"USF-BA-1-Custom-600x400.webp","width":600,"height":400,"mime-type":"image\/webp","filesize":"12730","url":"https:\/\/rernlv.saavatar.top\/wp-content\/uploads\/2025\/09\/USF-BA-1-Custom-600x400.webp"},"woocommerce_gallery_thumbnail":{"file":"USF-BA-1-Custom-100x100.webp","width":100,"height":100,"mime-type":"image\/webp","filesize":"1318","url":"https:\/\/rernlv.saavatar.top\/wp-content\/uploads\/2025\/09\/USF-BA-1-Custom-100x100.webp"},"dgwt-wcas-product-suggestion":{"file":"USF-BA-1-Custom-64x43.webp","width":64,"height":43,"mime-type":"image\/webp","filesize":"596","url":"https:\/\/rernlv.saavatar.top\/wp-content\/uploads\/2025\/09\/USF-BA-1-Custom-64x43.webp"}},"image_meta":{"aperture":"0","credit":"","camera":"","caption":"","created_timestamp":"0","copyright":"","focal_length":"0","iso":"0","shutter_speed":"0","title":"","orientation":"0","keywords":[]},"ID":"8954","name":"USF-BA-1-Custom.webp","path":"\/home\/0VI38IMT8zU9J7hh\/UnitedSeatFactory\/public_html\/wp-content\/uploads\/2025\/09\/USF-BA-1-Custom.webp","url":"https:\/\/rernlv.saavatar.top\/wp-content\/uploads\/2025\/09\/USF-BA-1-Custom-150x150.webp","full_url":"https:\/\/rernlv.saavatar.top\/wp-content\/uploads\/2025\/09\/USF-BA-1-Custom.webp","title":"USF-BA-1 (Custom)","caption":"","description":"","alt":"","srcset":"https:\/\/rernlv.saavatar.top\/wp-content\/uploads\/2025\/09\/USF-BA-1-Custom-150x150.webp 150w, https:\/\/rernlv.saavatar.top\/wp-content\/uploads\/2025\/09\/USF-BA-1-Custom-300x300.webp 300w, https:\/\/rernlv.saavatar.top\/wp-content\/uploads\/2025\/09\/USF-BA-1-Custom-100x100.webp 100w"},{"width":150,"height":150,"file":"2025\/09\/USF-BA-2-Custom.webp","filesize":"26150","sizes":{"medium":{"file":"USF-BA-2-Custom-300x200.webp","width":300,"height":200,"mime-type":"image\/webp","filesize":"4122","url":"https:\/\/rernlv.saavatar.top\/wp-content\/uploads\/2025\/09\/USF-BA-2-Custom-300x200.webp"},"thumbnail":{"file":"USF-BA-2-Custom-150x150.webp","width":150,"height":150,"mime-type":"image\/webp","filesize":"1946","url":"https:\/\/rernlv.saavatar.top\/wp-content\/uploads\/2025\/09\/USF-BA-2-Custom-150x150.webp"},"trp-custom-language-flag":{"file":"USF-BA-2-Custom-18x12.webp","width":18,"height":12,"mime-type":"image\/webp","filesize":"112","url":"https:\/\/rernlv.saavatar.top\/wp-content\/uploads\/2025\/09\/USF-BA-2-Custom-18x12.webp"},"woocommerce_archive_thumbnail":{"file":"USF-BA-2-Custom-500x442.webp","width":500,"height":442,"mime-type":"image\/webp","filesize":"22944","url":"https:\/\/rernlv.saavatar.top\/wp-content\/uploads\/2025\/09\/USF-BA-2-Custom-500x442.webp"},"woocommerce_thumbnail":{"file":"USF-BA-2-Custom-300x300.webp","width":300,"height":300,"mime-type":"image\/webp","filesize":"5296","uncropped":false,"url":"https:\/\/rernlv.saavatar.top\/wp-content\/uploads\/2025\/09\/USF-BA-2-Custom-300x300.webp"},"woocommerce_single":{"file":"USF-BA-2-Custom-600x400.webp","width":600,"height":400,"mime-type":"image\/webp","filesize":"12924","url":"https:\/\/rernlv.saavatar.top\/wp-content\/uploads\/2025\/09\/USF-BA-2-Custom-600x400.webp"},"woocommerce_gallery_thumbnail":{"file":"USF-BA-2-Custom-100x100.webp","width":100,"height":100,"mime-type":"image\/webp","filesize":"1076","url":"https:\/\/rernlv.saavatar.top\/wp-content\/uploads\/2025\/09\/USF-BA-2-Custom-100x100.webp"},"dgwt-wcas-product-suggestion":{"file":"USF-BA-2-Custom-64x43.webp","width":64,"height":43,"mime-type":"image\/webp","filesize":"472","url":"https:\/\/rernlv.saavatar.top\/wp-content\/uploads\/2025\/09\/USF-BA-2-Custom-64x43.webp"}},"image_meta":{"aperture":"0","credit":"","camera":"","caption":"","created_timestamp":"0","copyright":"","focal_length":"0","iso":"0","shutter_speed":"0","title":"","orientation":"0","keywords":[]},"ID":"8955","name":"USF-BA-2-Custom.webp","path":"\/home\/0VI38IMT8zU9J7hh\/UnitedSeatFactory\/public_html\/wp-content\/uploads\/2025\/09\/USF-BA-2-Custom.webp","url":"https:\/\/rernlv.saavatar.top\/wp-content\/uploads\/2025\/09\/USF-BA-2-Custom-150x150.webp","full_url":"https:\/\/rernlv.saavatar.top\/wp-content\/uploads\/2025\/09\/USF-BA-2-Custom.webp","title":"USF-BA-2 (Custom)","caption":"","description":"","alt":"","srcset":"https:\/\/rernlv.saavatar.top\/wp-content\/uploads\/2025\/09\/USF-BA-2-Custom-150x150.webp 150w, https:\/\/rernlv.saavatar.top\/wp-content\/uploads\/2025\/09\/USF-BA-2-Custom-300x300.webp 300w, https:\/\/rernlv.saavatar.top\/wp-content\/uploads\/2025\/09\/USF-BA-2-Custom-100x100.webp 100w"},{"width":150,"height":150,"file":"2025\/09\/USF-BA-3-Custom.webp","filesize":"9976","sizes":{"medium":{"file":"USF-BA-3-Custom-300x200.webp","width":300,"height":200,"mime-type":"image\/webp","filesize":"3100","url":"https:\/\/rernlv.saavatar.top\/wp-content\/uploads\/2025\/09\/USF-BA-3-Custom-300x200.webp"},"thumbnail":{"file":"USF-BA-3-Custom-150x150.webp","width":150,"height":150,"mime-type":"image\/webp","filesize":"1466","url":"https:\/\/rernlv.saavatar.top\/wp-content\/uploads\/2025\/09\/USF-BA-3-Custom-150x150.webp"},"trp-custom-language-flag":{"file":"USF-BA-3-Custom-18x12.webp","width":18,"height":12,"mime-type":"image\/webp","filesize":"112","url":"https:\/\/rernlv.saavatar.top\/wp-content\/uploads\/2025\/09\/USF-BA-3-Custom-18x12.webp"},"woocommerce_archive_thumbnail":{"file":"USF-BA-3-Custom-500x442.webp","width":500,"height":442,"mime-type":"image\/webp","filesize":"8770","url":"https:\/\/rernlv.saavatar.top\/wp-content\/uploads\/2025\/09\/USF-BA-3-Custom-500x442.webp"},"woocommerce_thumbnail":{"file":"USF-BA-3-Custom-300x300.webp","width":300,"height":300,"mime-type":"image\/webp","filesize":"3576","uncropped":false,"url":"https:\/\/rernlv.saavatar.top\/wp-content\/uploads\/2025\/09\/USF-BA-3-Custom-300x300.webp"},"woocommerce_single":{"file":"USF-BA-3-Custom-600x400.webp","width":600,"height":400,"mime-type":"image\/webp","filesize":"7666","url":"https:\/\/rernlv.saavatar.top\/wp-content\/uploads\/2025\/09\/USF-BA-3-Custom-600x400.webp"},"woocommerce_gallery_thumbnail":{"file":"USF-BA-3-Custom-100x100.webp","width":100,"height":100,"mime-type":"image\/webp","filesize":"874","url":"https:\/\/rernlv.saavatar.top\/wp-content\/uploads\/2025\/09\/USF-BA-3-Custom-100x100.webp"},"dgwt-wcas-product-suggestion":{"file":"USF-BA-3-Custom-64x43.webp","width":64,"height":43,"mime-type":"image\/webp","filesize":"402","url":"https:\/\/rernlv.saavatar.top\/wp-content\/uploads\/2025\/09\/USF-BA-3-Custom-64x43.webp"}},"image_meta":{"aperture":"0","credit":"","camera":"","caption":"","created_timestamp":"0","copyright":"","focal_length":"0","iso":"0","shutter_speed":"0","title":"","orientation":"0","keywords":[]},"ID":"8956","name":"USF-BA-3-Custom.webp","path":"\/home\/0VI38IMT8zU9J7hh\/UnitedSeatFactory\/public_html\/wp-content\/uploads\/2025\/09\/USF-BA-3-Custom.webp","url":"https:\/\/rernlv.saavatar.top\/wp-content\/uploads\/2025\/09\/USF-BA-3-Custom-150x150.webp","full_url":"https:\/\/rernlv.saavatar.top\/wp-content\/uploads\/2025\/09\/USF-BA-3-Custom.webp","title":"USF-BA-3 (Custom)","caption":"","description":"","alt":"","srcset":"https:\/\/rernlv.saavatar.top\/wp-content\/uploads\/2025\/09\/USF-BA-3-Custom-150x150.webp 150w, https:\/\/rernlv.saavatar.top\/wp-content\/uploads\/2025\/09\/USF-BA-3-Custom-300x300.webp 300w, https:\/\/rernlv.saavatar.top\/wp-content\/uploads\/2025\/09\/USF-BA-3-Custom-100x100.webp 100w"},{"width":150,"height":150,"file":"2025\/09\/USF-BA-4-Custom.webp","filesize":"25624","sizes":{"medium":{"file":"USF-BA-4-Custom-300x200.webp","width":300,"height":200,"mime-type":"image\/webp","filesize":"4706","url":"https:\/\/rernlv.saavatar.top\/wp-content\/uploads\/2025\/09\/USF-BA-4-Custom-300x200.webp"},"thumbnail":{"file":"USF-BA-4-Custom-150x150.webp","width":150,"height":150,"mime-type":"image\/webp","filesize":"2176","url":"https:\/\/rernlv.saavatar.top\/wp-content\/uploads\/2025\/09\/USF-BA-4-Custom-150x150.webp"},"trp-custom-language-flag":{"file":"USF-BA-4-Custom-18x12.webp","width":18,"height":12,"mime-type":"image\/webp","filesize":"126","url":"https:\/\/rernlv.saavatar.top\/wp-content\/uploads\/2025\/09\/USF-BA-4-Custom-18x12.webp"},"woocommerce_archive_thumbnail":{"file":"USF-BA-4-Custom-500x442.webp","width":500,"height":442,"mime-type":"image\/webp","filesize":"20974","url":"https:\/\/rernlv.saavatar.top\/wp-content\/uploads\/2025\/09\/USF-BA-4-Custom-500x442.webp"},"woocommerce_thumbnail":{"file":"USF-BA-4-Custom-300x300.webp","width":300,"height":300,"mime-type":"image\/webp","filesize":"5964","uncropped":false,"url":"https:\/\/rernlv.saavatar.top\/wp-content\/uploads\/2025\/09\/USF-BA-4-Custom-300x300.webp"},"woocommerce_single":{"file":"USF-BA-4-Custom-600x400.webp","width":600,"height":400,"mime-type":"image\/webp","filesize":"15020","url":"https:\/\/rernlv.saavatar.top\/wp-content\/uploads\/2025\/09\/USF-BA-4-Custom-600x400.webp"},"woocommerce_gallery_thumbnail":{"file":"USF-BA-4-Custom-100x100.webp","width":100,"height":100,"mime-type":"image\/webp","filesize":"1266","url":"https:\/\/rernlv.saavatar.top\/wp-content\/uploads\/2025\/09\/USF-BA-4-Custom-100x100.webp"},"dgwt-wcas-product-suggestion":{"file":"USF-BA-4-Custom-64x43.webp","width":64,"height":43,"mime-type":"image\/webp","filesize":"606","url":"https:\/\/rernlv.saavatar.top\/wp-content\/uploads\/2025\/09\/USF-BA-4-Custom-64x43.webp"}},"image_meta":{"aperture":"0","credit":"","camera":"","caption":"","created_timestamp":"0","copyright":"","focal_length":"0","iso":"0","shutter_speed":"0","title":"","orientation":"0","keywords":[]},"ID":"8957","name":"USF-BA-4-Custom.webp","path":"\/home\/0VI38IMT8zU9J7hh\/UnitedSeatFactory\/public_html\/wp-content\/uploads\/2025\/09\/USF-BA-4-Custom.webp","url":"https:\/\/rernlv.saavatar.top\/wp-content\/uploads\/2025\/09\/USF-BA-4-Custom-150x150.webp","full_url":"https:\/\/rernlv.saavatar.top\/wp-content\/uploads\/2025\/09\/USF-BA-4-Custom.webp","title":"USF-BA-4 (Custom)","caption":"","description":"","alt":"","srcset":"https:\/\/rernlv.saavatar.top\/wp-content\/uploads\/2025\/09\/USF-BA-4-Custom-150x150.webp 150w, https:\/\/rernlv.saavatar.top\/wp-content\/uploads\/2025\/09\/USF-BA-4-Custom-300x300.webp 300w, https:\/\/rernlv.saavatar.top\/wp-content\/uploads\/2025\/09\/USF-BA-4-Custom-100x100.webp 100w"},{"width":150,"height":150,"file":"2025\/09\/USF-BA-5-Custom.webp","filesize":"15836","sizes":{"medium":{"file":"USF-BA-5-Custom-300x200.webp","width":300,"height":200,"mime-type":"image\/webp","filesize":"4498","url":"https:\/\/rernlv.saavatar.top\/wp-content\/uploads\/2025\/09\/USF-BA-5-Custom-300x200.webp"},"thumbnail":{"file":"USF-BA-5-Custom-150x150.webp","width":150,"height":150,"mime-type":"image\/webp","filesize":"2212","url":"https:\/\/rernlv.saavatar.top\/wp-content\/uploads\/2025\/09\/USF-BA-5-Custom-150x150.webp"},"trp-custom-language-flag":{"file":"USF-BA-5-Custom-18x12.webp","width":18,"height":12,"mime-type":"image\/webp","filesize":"132","url":"https:\/\/rernlv.saavatar.top\/wp-content\/uploads\/2025\/09\/USF-BA-5-Custom-18x12.webp"},"woocommerce_archive_thumbnail":{"file":"USF-BA-5-Custom-500x442.webp","width":500,"height":442,"mime-type":"image\/webp","filesize":"13120","url":"https:\/\/rernlv.saavatar.top\/wp-content\/uploads\/2025\/09\/USF-BA-5-Custom-500x442.webp"},"woocommerce_thumbnail":{"file":"USF-BA-5-Custom-300x300.webp","width":300,"height":300,"mime-type":"image\/webp","filesize":"5514","uncropped":false,"url":"https:\/\/rernlv.saavatar.top\/wp-content\/uploads\/2025\/09\/USF-BA-5-Custom-300x300.webp"},"woocommerce_single":{"file":"USF-BA-5-Custom-600x400.webp","width":600,"height":400,"mime-type":"image\/webp","filesize":"12440","url":"https:\/\/rernlv.saavatar.top\/wp-content\/uploads\/2025\/09\/USF-BA-5-Custom-600x400.webp"},"woocommerce_gallery_thumbnail":{"file":"USF-BA-5-Custom-100x100.webp","width":100,"height":100,"mime-type":"image\/webp","filesize":"1260","url":"https:\/\/rernlv.saavatar.top\/wp-content\/uploads\/2025\/09\/USF-BA-5-Custom-100x100.webp"},"dgwt-wcas-product-suggestion":{"file":"USF-BA-5-Custom-64x43.webp","width":64,"height":43,"mime-type":"image\/webp","filesize":"564","url":"https:\/\/rernlv.saavatar.top\/wp-content\/uploads\/2025\/09\/USF-BA-5-Custom-64x43.webp"}},"image_meta":{"aperture":"0","credit":"","camera":"","caption":"","created_timestamp":"0","copyright":"","focal_length":"0","iso":"0","shutter_speed":"0","title":"","orientation":"0","keywords":[]},"ID":"8958","name":"USF-BA-5-Custom.webp","path":"\/home\/0VI38IMT8zU9J7hh\/UnitedSeatFactory\/public_html\/wp-content\/uploads\/2025\/09\/USF-BA-5-Custom.webp","url":"https:\/\/rernlv.saavatar.top\/wp-content\/uploads\/2025\/09\/USF-BA-5-Custom-150x150.webp","full_url":"https:\/\/rernlv.saavatar.top\/wp-content\/uploads\/2025\/09\/USF-BA-5-Custom.webp","title":"USF-BA-5 (Custom)","caption":"","description":"","alt":"","srcset":"https:\/\/rernlv.saavatar.top\/wp-content\/uploads\/2025\/09\/USF-BA-5-Custom-150x150.webp 150w, https:\/\/rernlv.saavatar.top\/wp-content\/uploads\/2025\/09\/USF-BA-5-Custom-300x300.webp 300w, https:\/\/rernlv.saavatar.top\/wp-content\/uploads\/2025\/09\/USF-BA-5-Custom-100x100.webp 100w"}]},"_links":{"self":[{"href":"https:\/\/rernlv.saavatar.top\/fr\/wp-json\/wp\/v2\/product\/63267","targetHints":{"allow":["GET"]}}],"collection":[{"href":"https:\/\/rernlv.saavatar.top\/fr\/wp-json\/wp\/v2\/product"}],"about":[{"href":"https:\/\/rernlv.saavatar.top\/fr\/wp-json\/wp\/v2\/types\/product"}],"replies":[{"embeddable":true,"href":"https:\/\/rernlv.saavatar.top\/fr\/wp-json\/wp\/v2\/comments?post=63267"}],"wp:featuredmedia":[{"embeddable":true,"href":"https:\/\/rernlv.saavatar.top\/fr\/wp-json\/wp\/v2\/media\/63477"}],"wp:attachment":[{"href":"https:\/\/rernlv.saavatar.top\/fr\/wp-json\/wp\/v2\/media?parent=63267"}],"wp:term":[{"taxonomy":"product_brand","embeddable":true,"href":"https:\/\/rernlv.saavatar.top\/fr\/wp-json\/wp\/v2\/product_brand?post=63267"},{"taxonomy":"product_cat","embeddable":true,"href":"https:\/\/rernlv.saavatar.top\/fr\/wp-json\/wp\/v2\/product_cat?post=63267"},{"taxonomy":"product_tag","embeddable":true,"href":"https:\/\/rernlv.saavatar.top\/fr\/wp-json\/wp\/v2\/product_tag?post=63267"}],"curies":[{"name":"wp","href":"https:\/\/api.w.org\/{rel}","templated":true}]}}