{"id":11788,"date":"2025-09-18T10:40:15","date_gmt":"2025-09-18T08:40:15","guid":{"rendered":"https:\/\/rernlv.saavatar.top\/?post_type=product&#038;p=11788"},"modified":"2025-12-23T14:11:28","modified_gmt":"2025-12-23T13:11:28","slug":"dodge-ram-1500-2009-2018-oem-replacement-seat-cover","status":"publish","type":"product","link":"https:\/\/rernlv.saavatar.top\/fr\/product\/dodge-ram-1500-2009-2018-oem-replacement-seat-cover\/","title":{"rendered":"Dodge Ram 1500 2009-2018 | Housse de si\u00e8ge de remplacement OEM"},"content":{"rendered":"<p><span data-sheets-root=\"1\">Restaurez l'int\u00e9rieur de votre Dodge Ram 1500 2009-2018 avec nos housses de si\u00e8ge de remplacement d'origine de premi\u00e8re qualit\u00e9, fabriqu\u00e9es avec expertise pour correspondre aux sp\u00e9cifications de votre Dodge d'origine. Chaque housse offre un ajustement et une finition parfaits, assurant une int\u00e9gration parfaite \u00e0 l'int\u00e9rieur de votre v\u00e9hicule.<\/span><\/p>","protected":false},"excerpt":{"rendered":"<p><span data-sheets-root=\"1\">Transformez votre Dodge Ram 1500 2009-2018 avec nos housses de si\u00e8ge haut de gamme assorties \u00e0 l'usine, avec une correspondance exacte des couleurs et une garantie d'ajustement pr\u00e9cis.<\/span><\/p>","protected":false},"featured_media":11947,"comment_status":"closed","ping_status":"closed","template":"","meta":{"_kad_blocks_custom_css":"","_kad_blocks_head_custom_js":"","_kad_blocks_body_custom_js":"","_kad_blocks_footer_custom_js":""},"product_brand":[72],"product_cat":[21],"product_tag":[],"class_list":{"0":"post-11788","1":"product","2":"type-product","3":"status-publish","4":"has-post-thumbnail","6":"product_brand-dodge","7":"product_cat-seat-cover","9":"first","10":"instock","11":"taxable","12":"shipping-taxable","13":"purchasable","14":"product-type-variable","15":"has-default-attributes"},"ct_brands":[{"id":72,"name":"Dodge","slug":"esquive"}],"taxonomy_info":{"product_brand":[{"value":72,"label":"Dodge"}],"product_cat":[{"value":21,"label":"Seat Cover"}]},"featured_image_src_large":["https:\/\/rernlv.saavatar.top\/wp-content\/uploads\/2025\/09\/dodge-ram-perforated-leather-2013-2018-light-frost-beige-driver-and-passenger-top-and-bottom-oem-replacement-seat-cover.webp",1000,1000,false],"author_info":[],"comment_info":0,"meta_box":{"before_after_image":[{"width":150,"height":150,"file":"2025\/09\/USF-BA-1.webp","filesize":"79458","sizes":{"medium":{"file":"USF-BA-1-300x200.webp","width":300,"height":200,"mime-type":"image\/webp","filesize":"4940","url":"https:\/\/rernlv.saavatar.top\/wp-content\/uploads\/2025\/09\/USF-BA-1-300x200.webp"},"large":{"file":"USF-BA-1-1024x683.webp","width":1024,"height":683,"mime-type":"image\/webp","filesize":"29994","url":"https:\/\/rernlv.saavatar.top\/wp-content\/uploads\/2025\/09\/USF-BA-1-1024x683.webp"},"thumbnail":{"file":"USF-BA-1-150x150.webp","width":150,"height":150,"mime-type":"image\/webp","filesize":"2390","url":"https:\/\/rernlv.saavatar.top\/wp-content\/uploads\/2025\/09\/USF-BA-1-150x150.webp"},"medium_large":{"file":"USF-BA-1-768x512.webp","width":768,"height":512,"mime-type":"image\/webp","filesize":"19262","url":"https:\/\/rernlv.saavatar.top\/wp-content\/uploads\/2025\/09\/USF-BA-1-768x512.webp"},"trp-custom-language-flag":{"file":"USF-BA-1-18x12.webp","width":18,"height":12,"mime-type":"image\/webp","filesize":"118","url":"https:\/\/rernlv.saavatar.top\/wp-content\/uploads\/2025\/09\/USF-BA-1-18x12.webp"},"woocommerce_archive_thumbnail":{"file":"USF-BA-1-500x500.webp","width":500,"height":500,"mime-type":"image\/webp","filesize":"12292","url":"https:\/\/rernlv.saavatar.top\/wp-content\/uploads\/2025\/09\/USF-BA-1-500x500.webp"},"woocommerce_thumbnail":{"file":"USF-BA-1-300x300.webp","width":300,"height":300,"mime-type":"image\/webp","filesize":"6052","uncropped":false,"url":"https:\/\/rernlv.saavatar.top\/wp-content\/uploads\/2025\/09\/USF-BA-1-300x300.webp"},"woocommerce_single":{"file":"USF-BA-1-600x400.webp","width":600,"height":400,"mime-type":"image\/webp","filesize":"12952","url":"https:\/\/rernlv.saavatar.top\/wp-content\/uploads\/2025\/09\/USF-BA-1-600x400.webp"},"woocommerce_gallery_thumbnail":{"file":"USF-BA-1-100x100.webp","width":100,"height":100,"mime-type":"image\/webp","filesize":"1360","url":"https:\/\/rernlv.saavatar.top\/wp-content\/uploads\/2025\/09\/USF-BA-1-100x100.webp"},"dgwt-wcas-product-suggestion":{"file":"USF-BA-1-64x43.webp","width":64,"height":43,"mime-type":"image\/webp","filesize":"600","url":"https:\/\/rernlv.saavatar.top\/wp-content\/uploads\/2025\/09\/USF-BA-1-64x43.webp"}},"image_meta":{"aperture":"0","credit":"","camera":"","caption":"","created_timestamp":"0","copyright":"","focal_length":"0","iso":"0","shutter_speed":"0","title":"","orientation":"0","keywords":[]},"ID":"8949","name":"USF-BA-1.webp","path":"\/home\/0VI38IMT8zU9J7hh\/UnitedSeatFactory\/public_html\/wp-content\/uploads\/2025\/09\/USF-BA-1.webp","url":"https:\/\/rernlv.saavatar.top\/wp-content\/uploads\/2025\/09\/USF-BA-1-150x150.webp","full_url":"https:\/\/rernlv.saavatar.top\/wp-content\/uploads\/2025\/09\/USF-BA-1.webp","title":"USF-BA-1","caption":"","description":"","alt":"","srcset":"https:\/\/rernlv.saavatar.top\/wp-content\/uploads\/2025\/09\/USF-BA-1-150x150.webp 150w, https:\/\/rernlv.saavatar.top\/wp-content\/uploads\/2025\/09\/USF-BA-1-500x500.webp 500w, https:\/\/rernlv.saavatar.top\/wp-content\/uploads\/2025\/09\/USF-BA-1-300x300.webp 300w, https:\/\/rernlv.saavatar.top\/wp-content\/uploads\/2025\/09\/USF-BA-1-100x100.webp 100w"},{"width":150,"height":150,"file":"2025\/09\/USF-BA-2.webp","filesize":"97422","sizes":{"medium":{"file":"USF-BA-2-300x200.webp","width":300,"height":200,"mime-type":"image\/webp","filesize":"4320","url":"https:\/\/rernlv.saavatar.top\/wp-content\/uploads\/2025\/09\/USF-BA-2-300x200.webp"},"large":{"file":"USF-BA-2-1024x683.webp","width":1024,"height":683,"mime-type":"image\/webp","filesize":"44530","url":"https:\/\/rernlv.saavatar.top\/wp-content\/uploads\/2025\/09\/USF-BA-2-1024x683.webp"},"thumbnail":{"file":"USF-BA-2-150x150.webp","width":150,"height":150,"mime-type":"image\/webp","filesize":"2060","url":"https:\/\/rernlv.saavatar.top\/wp-content\/uploads\/2025\/09\/USF-BA-2-150x150.webp"},"medium_large":{"file":"USF-BA-2-768x512.webp","width":768,"height":512,"mime-type":"image\/webp","filesize":"26570","url":"https:\/\/rernlv.saavatar.top\/wp-content\/uploads\/2025\/09\/USF-BA-2-768x512.webp"},"trp-custom-language-flag":{"file":"USF-BA-2-18x12.webp","width":18,"height":12,"mime-type":"image\/webp","filesize":"122","url":"https:\/\/rernlv.saavatar.top\/wp-content\/uploads\/2025\/09\/USF-BA-2-18x12.webp"},"woocommerce_archive_thumbnail":{"file":"USF-BA-2-500x500.webp","width":500,"height":500,"mime-type":"image\/webp","filesize":"16194","url":"https:\/\/rernlv.saavatar.top\/wp-content\/uploads\/2025\/09\/USF-BA-2-500x500.webp"},"woocommerce_thumbnail":{"file":"USF-BA-2-300x300.webp","width":300,"height":300,"mime-type":"image\/webp","filesize":"5636","uncropped":false,"url":"https:\/\/rernlv.saavatar.top\/wp-content\/uploads\/2025\/09\/USF-BA-2-300x300.webp"},"woocommerce_single":{"file":"USF-BA-2-600x400.webp","width":600,"height":400,"mime-type":"image\/webp","filesize":"14500","url":"https:\/\/rernlv.saavatar.top\/wp-content\/uploads\/2025\/09\/USF-BA-2-600x400.webp"},"woocommerce_gallery_thumbnail":{"file":"USF-BA-2-100x100.webp","width":100,"height":100,"mime-type":"image\/webp","filesize":"1164","url":"https:\/\/rernlv.saavatar.top\/wp-content\/uploads\/2025\/09\/USF-BA-2-100x100.webp"},"dgwt-wcas-product-suggestion":{"file":"USF-BA-2-64x43.webp","width":64,"height":43,"mime-type":"image\/webp","filesize":"516","url":"https:\/\/rernlv.saavatar.top\/wp-content\/uploads\/2025\/09\/USF-BA-2-64x43.webp"}},"image_meta":{"aperture":"0","credit":"","camera":"","caption":"","created_timestamp":"0","copyright":"","focal_length":"0","iso":"0","shutter_speed":"0","title":"","orientation":"0","keywords":[]},"ID":"8950","name":"USF-BA-2.webp","path":"\/home\/0VI38IMT8zU9J7hh\/UnitedSeatFactory\/public_html\/wp-content\/uploads\/2025\/09\/USF-BA-2.webp","url":"https:\/\/rernlv.saavatar.top\/wp-content\/uploads\/2025\/09\/USF-BA-2-150x150.webp","full_url":"https:\/\/rernlv.saavatar.top\/wp-content\/uploads\/2025\/09\/USF-BA-2.webp","title":"USF-BA-2","caption":"","description":"","alt":"","srcset":"https:\/\/rernlv.saavatar.top\/wp-content\/uploads\/2025\/09\/USF-BA-2-150x150.webp 150w, https:\/\/rernlv.saavatar.top\/wp-content\/uploads\/2025\/09\/USF-BA-2-500x500.webp 500w, https:\/\/rernlv.saavatar.top\/wp-content\/uploads\/2025\/09\/USF-BA-2-300x300.webp 300w, https:\/\/rernlv.saavatar.top\/wp-content\/uploads\/2025\/09\/USF-BA-2-100x100.webp 100w"},{"width":150,"height":150,"file":"2025\/09\/USF-BA-3.webp","filesize":"28026","sizes":{"medium":{"file":"USF-BA-3-300x200.webp","width":300,"height":200,"mime-type":"image\/webp","filesize":"2994","url":"https:\/\/rernlv.saavatar.top\/wp-content\/uploads\/2025\/09\/USF-BA-3-300x200.webp"},"large":{"file":"USF-BA-3-1024x683.webp","width":1024,"height":683,"mime-type":"image\/webp","filesize":"16886","url":"https:\/\/rernlv.saavatar.top\/wp-content\/uploads\/2025\/09\/USF-BA-3-1024x683.webp"},"thumbnail":{"file":"USF-BA-3-150x150.webp","width":150,"height":150,"mime-type":"image\/webp","filesize":"1552","url":"https:\/\/rernlv.saavatar.top\/wp-content\/uploads\/2025\/09\/USF-BA-3-150x150.webp"},"medium_large":{"file":"USF-BA-3-768x512.webp","width":768,"height":512,"mime-type":"image\/webp","filesize":"11120","url":"https:\/\/rernlv.saavatar.top\/wp-content\/uploads\/2025\/09\/USF-BA-3-768x512.webp"},"trp-custom-language-flag":{"file":"USF-BA-3-18x12.webp","width":18,"height":12,"mime-type":"image\/webp","filesize":"112","url":"https:\/\/rernlv.saavatar.top\/wp-content\/uploads\/2025\/09\/USF-BA-3-18x12.webp"},"woocommerce_archive_thumbnail":{"file":"USF-BA-3-500x500.webp","width":500,"height":500,"mime-type":"image\/webp","filesize":"7550","url":"https:\/\/rernlv.saavatar.top\/wp-content\/uploads\/2025\/09\/USF-BA-3-500x500.webp"},"woocommerce_thumbnail":{"file":"USF-BA-3-300x300.webp","width":300,"height":300,"mime-type":"image\/webp","filesize":"3740","uncropped":false,"url":"https:\/\/rernlv.saavatar.top\/wp-content\/uploads\/2025\/09\/USF-BA-3-300x300.webp"},"woocommerce_single":{"file":"USF-BA-3-600x400.webp","width":600,"height":400,"mime-type":"image\/webp","filesize":"7880","url":"https:\/\/rernlv.saavatar.top\/wp-content\/uploads\/2025\/09\/USF-BA-3-600x400.webp"},"woocommerce_gallery_thumbnail":{"file":"USF-BA-3-100x100.webp","width":100,"height":100,"mime-type":"image\/webp","filesize":"870","url":"https:\/\/rernlv.saavatar.top\/wp-content\/uploads\/2025\/09\/USF-BA-3-100x100.webp"},"dgwt-wcas-product-suggestion":{"file":"USF-BA-3-64x43.webp","width":64,"height":43,"mime-type":"image\/webp","filesize":"412","url":"https:\/\/rernlv.saavatar.top\/wp-content\/uploads\/2025\/09\/USF-BA-3-64x43.webp"}},"image_meta":{"aperture":"0","credit":"","camera":"","caption":"","created_timestamp":"0","copyright":"","focal_length":"0","iso":"0","shutter_speed":"0","title":"","orientation":"0","keywords":[]},"ID":"8951","name":"USF-BA-3.webp","path":"\/home\/0VI38IMT8zU9J7hh\/UnitedSeatFactory\/public_html\/wp-content\/uploads\/2025\/09\/USF-BA-3.webp","url":"https:\/\/rernlv.saavatar.top\/wp-content\/uploads\/2025\/09\/USF-BA-3-150x150.webp","full_url":"https:\/\/rernlv.saavatar.top\/wp-content\/uploads\/2025\/09\/USF-BA-3.webp","title":"USF-BA-3","caption":"","description":"","alt":"","srcset":"https:\/\/rernlv.saavatar.top\/wp-content\/uploads\/2025\/09\/USF-BA-3-150x150.webp 150w, https:\/\/rernlv.saavatar.top\/wp-content\/uploads\/2025\/09\/USF-BA-3-500x500.webp 500w, https:\/\/rernlv.saavatar.top\/wp-content\/uploads\/2025\/09\/USF-BA-3-300x300.webp 300w, https:\/\/rernlv.saavatar.top\/wp-content\/uploads\/2025\/09\/USF-BA-3-100x100.webp 100w"},{"width":150,"height":150,"file":"2025\/09\/USF-BA-4.webp","filesize":"96250","sizes":{"medium":{"file":"USF-BA-4-300x200.webp","width":300,"height":200,"mime-type":"image\/webp","filesize":"4838","url":"https:\/\/rernlv.saavatar.top\/wp-content\/uploads\/2025\/09\/USF-BA-4-300x200.webp"},"large":{"file":"USF-BA-4-1024x683.webp","width":1024,"height":683,"mime-type":"image\/webp","filesize":"44528","url":"https:\/\/rernlv.saavatar.top\/wp-content\/uploads\/2025\/09\/USF-BA-4-1024x683.webp"},"thumbnail":{"file":"USF-BA-4-150x150.webp","width":150,"height":150,"mime-type":"image\/webp","filesize":"2212","url":"https:\/\/rernlv.saavatar.top\/wp-content\/uploads\/2025\/09\/USF-BA-4-150x150.webp"},"medium_large":{"file":"USF-BA-4-768x512.webp","width":768,"height":512,"mime-type":"image\/webp","filesize":"25026","url":"https:\/\/rernlv.saavatar.top\/wp-content\/uploads\/2025\/09\/USF-BA-4-768x512.webp"},"trp-custom-language-flag":{"file":"USF-BA-4-18x12.webp","width":18,"height":12,"mime-type":"image\/webp","filesize":"120","url":"https:\/\/rernlv.saavatar.top\/wp-content\/uploads\/2025\/09\/USF-BA-4-18x12.webp"},"woocommerce_archive_thumbnail":{"file":"USF-BA-4-500x500.webp","width":500,"height":500,"mime-type":"image\/webp","filesize":"15820","url":"https:\/\/rernlv.saavatar.top\/wp-content\/uploads\/2025\/09\/USF-BA-4-500x500.webp"},"woocommerce_thumbnail":{"file":"USF-BA-4-300x300.webp","width":300,"height":300,"mime-type":"image\/webp","filesize":"6214","uncropped":false,"url":"https:\/\/rernlv.saavatar.top\/wp-content\/uploads\/2025\/09\/USF-BA-4-300x300.webp"},"woocommerce_single":{"file":"USF-BA-4-600x400.webp","width":600,"height":400,"mime-type":"image\/webp","filesize":"15298","url":"https:\/\/rernlv.saavatar.top\/wp-content\/uploads\/2025\/09\/USF-BA-4-600x400.webp"},"woocommerce_gallery_thumbnail":{"file":"USF-BA-4-100x100.webp","width":100,"height":100,"mime-type":"image\/webp","filesize":"1262","url":"https:\/\/rernlv.saavatar.top\/wp-content\/uploads\/2025\/09\/USF-BA-4-100x100.webp"},"dgwt-wcas-product-suggestion":{"file":"USF-BA-4-64x43.webp","width":64,"height":43,"mime-type":"image\/webp","filesize":"610","url":"https:\/\/rernlv.saavatar.top\/wp-content\/uploads\/2025\/09\/USF-BA-4-64x43.webp"}},"image_meta":{"aperture":"0","credit":"","camera":"","caption":"","created_timestamp":"0","copyright":"","focal_length":"0","iso":"0","shutter_speed":"0","title":"","orientation":"0","keywords":[]},"ID":"8952","name":"USF-BA-4.webp","path":"\/home\/0VI38IMT8zU9J7hh\/UnitedSeatFactory\/public_html\/wp-content\/uploads\/2025\/09\/USF-BA-4.webp","url":"https:\/\/rernlv.saavatar.top\/wp-content\/uploads\/2025\/09\/USF-BA-4-150x150.webp","full_url":"https:\/\/rernlv.saavatar.top\/wp-content\/uploads\/2025\/09\/USF-BA-4.webp","title":"USF-BA-4","caption":"","description":"","alt":"","srcset":"https:\/\/rernlv.saavatar.top\/wp-content\/uploads\/2025\/09\/USF-BA-4-150x150.webp 150w, https:\/\/rernlv.saavatar.top\/wp-content\/uploads\/2025\/09\/USF-BA-4-500x500.webp 500w, https:\/\/rernlv.saavatar.top\/wp-content\/uploads\/2025\/09\/USF-BA-4-300x300.webp 300w, https:\/\/rernlv.saavatar.top\/wp-content\/uploads\/2025\/09\/USF-BA-4-100x100.webp 100w"},{"width":150,"height":150,"file":"2025\/09\/USF-BA-5.webp","filesize":"44842","sizes":{"medium":{"file":"USF-BA-5-300x200.webp","width":300,"height":200,"mime-type":"image\/webp","filesize":"4550","url":"https:\/\/rernlv.saavatar.top\/wp-content\/uploads\/2025\/09\/USF-BA-5-300x200.webp"},"large":{"file":"USF-BA-5-1024x683.webp","width":1024,"height":683,"mime-type":"image\/webp","filesize":"26682","url":"https:\/\/rernlv.saavatar.top\/wp-content\/uploads\/2025\/09\/USF-BA-5-1024x683.webp"},"thumbnail":{"file":"USF-BA-5-150x150.webp","width":150,"height":150,"mime-type":"image\/webp","filesize":"2274","url":"https:\/\/rernlv.saavatar.top\/wp-content\/uploads\/2025\/09\/USF-BA-5-150x150.webp"},"medium_large":{"file":"USF-BA-5-768x512.webp","width":768,"height":512,"mime-type":"image\/webp","filesize":"17506","url":"https:\/\/rernlv.saavatar.top\/wp-content\/uploads\/2025\/09\/USF-BA-5-768x512.webp"},"trp-custom-language-flag":{"file":"USF-BA-5-18x12.webp","width":18,"height":12,"mime-type":"image\/webp","filesize":"128","url":"https:\/\/rernlv.saavatar.top\/wp-content\/uploads\/2025\/09\/USF-BA-5-18x12.webp"},"woocommerce_archive_thumbnail":{"file":"USF-BA-5-500x500.webp","width":500,"height":500,"mime-type":"image\/webp","filesize":"11430","url":"https:\/\/rernlv.saavatar.top\/wp-content\/uploads\/2025\/09\/USF-BA-5-500x500.webp"},"woocommerce_thumbnail":{"file":"USF-BA-5-300x300.webp","width":300,"height":300,"mime-type":"image\/webp","filesize":"5846","uncropped":false,"url":"https:\/\/rernlv.saavatar.top\/wp-content\/uploads\/2025\/09\/USF-BA-5-300x300.webp"},"woocommerce_single":{"file":"USF-BA-5-600x400.webp","width":600,"height":400,"mime-type":"image\/webp","filesize":"12092","url":"https:\/\/rernlv.saavatar.top\/wp-content\/uploads\/2025\/09\/USF-BA-5-600x400.webp"},"woocommerce_gallery_thumbnail":{"file":"USF-BA-5-100x100.webp","width":100,"height":100,"mime-type":"image\/webp","filesize":"1312","url":"https:\/\/rernlv.saavatar.top\/wp-content\/uploads\/2025\/09\/USF-BA-5-100x100.webp"},"dgwt-wcas-product-suggestion":{"file":"USF-BA-5-64x43.webp","width":64,"height":43,"mime-type":"image\/webp","filesize":"570","url":"https:\/\/rernlv.saavatar.top\/wp-content\/uploads\/2025\/09\/USF-BA-5-64x43.webp"}},"image_meta":{"aperture":"0","credit":"","camera":"","caption":"","created_timestamp":"0","copyright":"","focal_length":"0","iso":"0","shutter_speed":"0","title":"","orientation":"0","keywords":[]},"ID":"8953","name":"USF-BA-5.webp","path":"\/home\/0VI38IMT8zU9J7hh\/UnitedSeatFactory\/public_html\/wp-content\/uploads\/2025\/09\/USF-BA-5.webp","url":"https:\/\/rernlv.saavatar.top\/wp-content\/uploads\/2025\/09\/USF-BA-5-150x150.webp","full_url":"https:\/\/rernlv.saavatar.top\/wp-content\/uploads\/2025\/09\/USF-BA-5.webp","title":"USF-BA-5","caption":"","description":"","alt":"","srcset":"https:\/\/rernlv.saavatar.top\/wp-content\/uploads\/2025\/09\/USF-BA-5-150x150.webp 150w, https:\/\/rernlv.saavatar.top\/wp-content\/uploads\/2025\/09\/USF-BA-5-500x500.webp 500w, https:\/\/rernlv.saavatar.top\/wp-content\/uploads\/2025\/09\/USF-BA-5-300x300.webp 300w, https:\/\/rernlv.saavatar.top\/wp-content\/uploads\/2025\/09\/USF-BA-5-100x100.webp 100w"}]},"_links":{"self":[{"href":"https:\/\/rernlv.saavatar.top\/fr\/wp-json\/wp\/v2\/product\/11788","targetHints":{"allow":["GET"]}}],"collection":[{"href":"https:\/\/rernlv.saavatar.top\/fr\/wp-json\/wp\/v2\/product"}],"about":[{"href":"https:\/\/rernlv.saavatar.top\/fr\/wp-json\/wp\/v2\/types\/product"}],"replies":[{"embeddable":true,"href":"https:\/\/rernlv.saavatar.top\/fr\/wp-json\/wp\/v2\/comments?post=11788"}],"wp:featuredmedia":[{"embeddable":true,"href":"https:\/\/rernlv.saavatar.top\/fr\/wp-json\/wp\/v2\/media\/11947"}],"wp:attachment":[{"href":"https:\/\/rernlv.saavatar.top\/fr\/wp-json\/wp\/v2\/media?parent=11788"}],"wp:term":[{"taxonomy":"product_brand","embeddable":true,"href":"https:\/\/rernlv.saavatar.top\/fr\/wp-json\/wp\/v2\/product_brand?post=11788"},{"taxonomy":"product_cat","embeddable":true,"href":"https:\/\/rernlv.saavatar.top\/fr\/wp-json\/wp\/v2\/product_cat?post=11788"},{"taxonomy":"product_tag","embeddable":true,"href":"https:\/\/rernlv.saavatar.top\/fr\/wp-json\/wp\/v2\/product_tag?post=11788"}],"curies":[{"name":"wp","href":"https:\/\/api.w.org\/{rel}","templated":true}]}}