{"id":104471,"date":"2026-02-25T13:41:01","date_gmt":"2026-02-25T12:41:01","guid":{"rendered":"https:\/\/rernlv.saavatar.top\/?post_type=product&#038;p=104471"},"modified":"2026-02-25T13:51:18","modified_gmt":"2026-02-25T12:51:18","slug":"chevrolet-suburban-2000-2002-cojin-de-espuma-de-repuesto-oem","status":"publish","type":"product","link":"https:\/\/rernlv.saavatar.top\/es\/product\/chevrolet-suburban-2000-2002-oem-replacement-foam-cushion\/","title":{"rendered":"Chevrolet Suburban 2000-2002 | Coj\u00edn de espuma de repuesto OEM"},"content":{"rendered":"<p><span data-sheets-root=\"1\">Renueve el interior de su Chevrolet Suburban 2000-2002 con nuestro coj\u00edn de espuma de alta calidad, fabricado por expertos para ajustarse a las especificaciones originales de Chevrolet. Cada coj\u00edn de espuma ofrece un ajuste y un acabado perfectos, lo que garantiza una integraci\u00f3n perfecta con el interior de su veh\u00edculo.<\/span><\/p>\n<p><strong style=\"color: #ff0000;\">Nota: <strong> Dise\u00f1ado para adaptarse \u00fanicamente a la configuraci\u00f3n de asientos 50\/50 utilizada en los modelos Chevrolet.<\/strong><\/strong><\/p>","protected":false},"excerpt":{"rendered":"<p>Transforme su Chevrolet Suburban 2000-2002 con nuestro coj\u00edn de espuma de primera calidad, que se adapta perfectamente al color y garantiza un ajuste preciso.<\/p>","protected":false},"featured_media":104475,"comment_status":"closed","ping_status":"closed","template":"","meta":{"_kad_blocks_custom_css":"","_kad_blocks_head_custom_js":"","_kad_blocks_body_custom_js":"","_kad_blocks_footer_custom_js":""},"product_brand":[19],"product_cat":[22,1537],"product_tag":[],"class_list":{"0":"post-104471","1":"product","2":"type-product","3":"status-publish","4":"has-post-thumbnail","6":"product_brand-chevrolet","7":"product_cat-extra-cover","8":"product_cat-foam-cushion","10":"first","11":"instock","12":"taxable","13":"shipping-taxable","14":"purchasable","15":"product-type-variable"},"ct_brands":[{"id":19,"name":"Chevrolet","slug":"chevrolet"}],"taxonomy_info":{"product_brand":[{"value":19,"label":"Chevrolet"}],"product_cat":[{"value":22,"label":"Extra Cover"},{"value":1537,"label":"Foam Cushion"}]},"featured_image_src_large":["https:\/\/rernlv.saavatar.top\/wp-content\/uploads\/2026\/02\/chevrolet-suburban-foam-cushion-2000-2002-white-driver-and-passenger-bottoms-oem-replacement-seat-cover-1024x1024.webp",1024,1024,true],"author_info":[],"comment_info":0,"meta_box":{"before_after_image":[{"width":150,"height":150,"file":"2025\/09\/USF-BA-1-Custom.webp","filesize":"21634","sizes":{"medium":{"file":"USF-BA-1-Custom-300x200.webp","width":300,"height":200,"mime-type":"image\/webp","filesize":"4848","url":"https:\/\/rernlv.saavatar.top\/wp-content\/uploads\/2025\/09\/USF-BA-1-Custom-300x200.webp"},"thumbnail":{"file":"USF-BA-1-Custom-150x150.webp","width":150,"height":150,"mime-type":"image\/webp","filesize":"2338","url":"https:\/\/rernlv.saavatar.top\/wp-content\/uploads\/2025\/09\/USF-BA-1-Custom-150x150.webp"},"trp-custom-language-flag":{"file":"USF-BA-1-Custom-18x12.webp","width":18,"height":12,"mime-type":"image\/webp","filesize":"114","url":"https:\/\/rernlv.saavatar.top\/wp-content\/uploads\/2025\/09\/USF-BA-1-Custom-18x12.webp"},"woocommerce_archive_thumbnail":{"file":"USF-BA-1-Custom-500x442.webp","width":500,"height":442,"mime-type":"image\/webp","filesize":"14664","url":"https:\/\/rernlv.saavatar.top\/wp-content\/uploads\/2025\/09\/USF-BA-1-Custom-500x442.webp"},"woocommerce_thumbnail":{"file":"USF-BA-1-Custom-300x300.webp","width":300,"height":300,"mime-type":"image\/webp","filesize":"5884","uncropped":false,"url":"https:\/\/rernlv.saavatar.top\/wp-content\/uploads\/2025\/09\/USF-BA-1-Custom-300x300.webp"},"woocommerce_single":{"file":"USF-BA-1-Custom-600x400.webp","width":600,"height":400,"mime-type":"image\/webp","filesize":"12730","url":"https:\/\/rernlv.saavatar.top\/wp-content\/uploads\/2025\/09\/USF-BA-1-Custom-600x400.webp"},"woocommerce_gallery_thumbnail":{"file":"USF-BA-1-Custom-100x100.webp","width":100,"height":100,"mime-type":"image\/webp","filesize":"1318","url":"https:\/\/rernlv.saavatar.top\/wp-content\/uploads\/2025\/09\/USF-BA-1-Custom-100x100.webp"},"dgwt-wcas-product-suggestion":{"file":"USF-BA-1-Custom-64x43.webp","width":64,"height":43,"mime-type":"image\/webp","filesize":"596","url":"https:\/\/rernlv.saavatar.top\/wp-content\/uploads\/2025\/09\/USF-BA-1-Custom-64x43.webp"}},"image_meta":{"aperture":"0","credit":"","camera":"","caption":"","created_timestamp":"0","copyright":"","focal_length":"0","iso":"0","shutter_speed":"0","title":"","orientation":"0","keywords":[]},"ID":"8954","name":"USF-BA-1-Custom.webp","path":"\/home\/0VI38IMT8zU9J7hh\/UnitedSeatFactory\/public_html\/wp-content\/uploads\/2025\/09\/USF-BA-1-Custom.webp","url":"https:\/\/rernlv.saavatar.top\/wp-content\/uploads\/2025\/09\/USF-BA-1-Custom-150x150.webp","full_url":"https:\/\/rernlv.saavatar.top\/wp-content\/uploads\/2025\/09\/USF-BA-1-Custom.webp","title":"USF-BA-1 (Custom)","caption":"","description":"","alt":"","srcset":"https:\/\/rernlv.saavatar.top\/wp-content\/uploads\/2025\/09\/USF-BA-1-Custom-150x150.webp 150w, https:\/\/rernlv.saavatar.top\/wp-content\/uploads\/2025\/09\/USF-BA-1-Custom-300x300.webp 300w, https:\/\/rernlv.saavatar.top\/wp-content\/uploads\/2025\/09\/USF-BA-1-Custom-100x100.webp 100w"},{"width":150,"height":150,"file":"2025\/09\/USF-BA-2-Custom.webp","filesize":"26150","sizes":{"medium":{"file":"USF-BA-2-Custom-300x200.webp","width":300,"height":200,"mime-type":"image\/webp","filesize":"4122","url":"https:\/\/rernlv.saavatar.top\/wp-content\/uploads\/2025\/09\/USF-BA-2-Custom-300x200.webp"},"thumbnail":{"file":"USF-BA-2-Custom-150x150.webp","width":150,"height":150,"mime-type":"image\/webp","filesize":"1946","url":"https:\/\/rernlv.saavatar.top\/wp-content\/uploads\/2025\/09\/USF-BA-2-Custom-150x150.webp"},"trp-custom-language-flag":{"file":"USF-BA-2-Custom-18x12.webp","width":18,"height":12,"mime-type":"image\/webp","filesize":"112","url":"https:\/\/rernlv.saavatar.top\/wp-content\/uploads\/2025\/09\/USF-BA-2-Custom-18x12.webp"},"woocommerce_archive_thumbnail":{"file":"USF-BA-2-Custom-500x442.webp","width":500,"height":442,"mime-type":"image\/webp","filesize":"22944","url":"https:\/\/rernlv.saavatar.top\/wp-content\/uploads\/2025\/09\/USF-BA-2-Custom-500x442.webp"},"woocommerce_thumbnail":{"file":"USF-BA-2-Custom-300x300.webp","width":300,"height":300,"mime-type":"image\/webp","filesize":"5296","uncropped":false,"url":"https:\/\/rernlv.saavatar.top\/wp-content\/uploads\/2025\/09\/USF-BA-2-Custom-300x300.webp"},"woocommerce_single":{"file":"USF-BA-2-Custom-600x400.webp","width":600,"height":400,"mime-type":"image\/webp","filesize":"12924","url":"https:\/\/rernlv.saavatar.top\/wp-content\/uploads\/2025\/09\/USF-BA-2-Custom-600x400.webp"},"woocommerce_gallery_thumbnail":{"file":"USF-BA-2-Custom-100x100.webp","width":100,"height":100,"mime-type":"image\/webp","filesize":"1076","url":"https:\/\/rernlv.saavatar.top\/wp-content\/uploads\/2025\/09\/USF-BA-2-Custom-100x100.webp"},"dgwt-wcas-product-suggestion":{"file":"USF-BA-2-Custom-64x43.webp","width":64,"height":43,"mime-type":"image\/webp","filesize":"472","url":"https:\/\/rernlv.saavatar.top\/wp-content\/uploads\/2025\/09\/USF-BA-2-Custom-64x43.webp"}},"image_meta":{"aperture":"0","credit":"","camera":"","caption":"","created_timestamp":"0","copyright":"","focal_length":"0","iso":"0","shutter_speed":"0","title":"","orientation":"0","keywords":[]},"ID":"8955","name":"USF-BA-2-Custom.webp","path":"\/home\/0VI38IMT8zU9J7hh\/UnitedSeatFactory\/public_html\/wp-content\/uploads\/2025\/09\/USF-BA-2-Custom.webp","url":"https:\/\/rernlv.saavatar.top\/wp-content\/uploads\/2025\/09\/USF-BA-2-Custom-150x150.webp","full_url":"https:\/\/rernlv.saavatar.top\/wp-content\/uploads\/2025\/09\/USF-BA-2-Custom.webp","title":"USF-BA-2 (Custom)","caption":"","description":"","alt":"","srcset":"https:\/\/rernlv.saavatar.top\/wp-content\/uploads\/2025\/09\/USF-BA-2-Custom-150x150.webp 150w, https:\/\/rernlv.saavatar.top\/wp-content\/uploads\/2025\/09\/USF-BA-2-Custom-300x300.webp 300w, https:\/\/rernlv.saavatar.top\/wp-content\/uploads\/2025\/09\/USF-BA-2-Custom-100x100.webp 100w"},{"width":150,"height":150,"file":"2025\/09\/USF-BA-3-Custom.webp","filesize":"9976","sizes":{"medium":{"file":"USF-BA-3-Custom-300x200.webp","width":300,"height":200,"mime-type":"image\/webp","filesize":"3100","url":"https:\/\/rernlv.saavatar.top\/wp-content\/uploads\/2025\/09\/USF-BA-3-Custom-300x200.webp"},"thumbnail":{"file":"USF-BA-3-Custom-150x150.webp","width":150,"height":150,"mime-type":"image\/webp","filesize":"1466","url":"https:\/\/rernlv.saavatar.top\/wp-content\/uploads\/2025\/09\/USF-BA-3-Custom-150x150.webp"},"trp-custom-language-flag":{"file":"USF-BA-3-Custom-18x12.webp","width":18,"height":12,"mime-type":"image\/webp","filesize":"112","url":"https:\/\/rernlv.saavatar.top\/wp-content\/uploads\/2025\/09\/USF-BA-3-Custom-18x12.webp"},"woocommerce_archive_thumbnail":{"file":"USF-BA-3-Custom-500x442.webp","width":500,"height":442,"mime-type":"image\/webp","filesize":"8770","url":"https:\/\/rernlv.saavatar.top\/wp-content\/uploads\/2025\/09\/USF-BA-3-Custom-500x442.webp"},"woocommerce_thumbnail":{"file":"USF-BA-3-Custom-300x300.webp","width":300,"height":300,"mime-type":"image\/webp","filesize":"3576","uncropped":false,"url":"https:\/\/rernlv.saavatar.top\/wp-content\/uploads\/2025\/09\/USF-BA-3-Custom-300x300.webp"},"woocommerce_single":{"file":"USF-BA-3-Custom-600x400.webp","width":600,"height":400,"mime-type":"image\/webp","filesize":"7666","url":"https:\/\/rernlv.saavatar.top\/wp-content\/uploads\/2025\/09\/USF-BA-3-Custom-600x400.webp"},"woocommerce_gallery_thumbnail":{"file":"USF-BA-3-Custom-100x100.webp","width":100,"height":100,"mime-type":"image\/webp","filesize":"874","url":"https:\/\/rernlv.saavatar.top\/wp-content\/uploads\/2025\/09\/USF-BA-3-Custom-100x100.webp"},"dgwt-wcas-product-suggestion":{"file":"USF-BA-3-Custom-64x43.webp","width":64,"height":43,"mime-type":"image\/webp","filesize":"402","url":"https:\/\/rernlv.saavatar.top\/wp-content\/uploads\/2025\/09\/USF-BA-3-Custom-64x43.webp"}},"image_meta":{"aperture":"0","credit":"","camera":"","caption":"","created_timestamp":"0","copyright":"","focal_length":"0","iso":"0","shutter_speed":"0","title":"","orientation":"0","keywords":[]},"ID":"8956","name":"USF-BA-3-Custom.webp","path":"\/home\/0VI38IMT8zU9J7hh\/UnitedSeatFactory\/public_html\/wp-content\/uploads\/2025\/09\/USF-BA-3-Custom.webp","url":"https:\/\/rernlv.saavatar.top\/wp-content\/uploads\/2025\/09\/USF-BA-3-Custom-150x150.webp","full_url":"https:\/\/rernlv.saavatar.top\/wp-content\/uploads\/2025\/09\/USF-BA-3-Custom.webp","title":"USF-BA-3 (Custom)","caption":"","description":"","alt":"","srcset":"https:\/\/rernlv.saavatar.top\/wp-content\/uploads\/2025\/09\/USF-BA-3-Custom-150x150.webp 150w, https:\/\/rernlv.saavatar.top\/wp-content\/uploads\/2025\/09\/USF-BA-3-Custom-300x300.webp 300w, https:\/\/rernlv.saavatar.top\/wp-content\/uploads\/2025\/09\/USF-BA-3-Custom-100x100.webp 100w"},{"width":150,"height":150,"file":"2025\/09\/USF-BA-4-Custom.webp","filesize":"25624","sizes":{"medium":{"file":"USF-BA-4-Custom-300x200.webp","width":300,"height":200,"mime-type":"image\/webp","filesize":"4706","url":"https:\/\/rernlv.saavatar.top\/wp-content\/uploads\/2025\/09\/USF-BA-4-Custom-300x200.webp"},"thumbnail":{"file":"USF-BA-4-Custom-150x150.webp","width":150,"height":150,"mime-type":"image\/webp","filesize":"2176","url":"https:\/\/rernlv.saavatar.top\/wp-content\/uploads\/2025\/09\/USF-BA-4-Custom-150x150.webp"},"trp-custom-language-flag":{"file":"USF-BA-4-Custom-18x12.webp","width":18,"height":12,"mime-type":"image\/webp","filesize":"126","url":"https:\/\/rernlv.saavatar.top\/wp-content\/uploads\/2025\/09\/USF-BA-4-Custom-18x12.webp"},"woocommerce_archive_thumbnail":{"file":"USF-BA-4-Custom-500x442.webp","width":500,"height":442,"mime-type":"image\/webp","filesize":"20974","url":"https:\/\/rernlv.saavatar.top\/wp-content\/uploads\/2025\/09\/USF-BA-4-Custom-500x442.webp"},"woocommerce_thumbnail":{"file":"USF-BA-4-Custom-300x300.webp","width":300,"height":300,"mime-type":"image\/webp","filesize":"5964","uncropped":false,"url":"https:\/\/rernlv.saavatar.top\/wp-content\/uploads\/2025\/09\/USF-BA-4-Custom-300x300.webp"},"woocommerce_single":{"file":"USF-BA-4-Custom-600x400.webp","width":600,"height":400,"mime-type":"image\/webp","filesize":"15020","url":"https:\/\/rernlv.saavatar.top\/wp-content\/uploads\/2025\/09\/USF-BA-4-Custom-600x400.webp"},"woocommerce_gallery_thumbnail":{"file":"USF-BA-4-Custom-100x100.webp","width":100,"height":100,"mime-type":"image\/webp","filesize":"1266","url":"https:\/\/rernlv.saavatar.top\/wp-content\/uploads\/2025\/09\/USF-BA-4-Custom-100x100.webp"},"dgwt-wcas-product-suggestion":{"file":"USF-BA-4-Custom-64x43.webp","width":64,"height":43,"mime-type":"image\/webp","filesize":"606","url":"https:\/\/rernlv.saavatar.top\/wp-content\/uploads\/2025\/09\/USF-BA-4-Custom-64x43.webp"}},"image_meta":{"aperture":"0","credit":"","camera":"","caption":"","created_timestamp":"0","copyright":"","focal_length":"0","iso":"0","shutter_speed":"0","title":"","orientation":"0","keywords":[]},"ID":"8957","name":"USF-BA-4-Custom.webp","path":"\/home\/0VI38IMT8zU9J7hh\/UnitedSeatFactory\/public_html\/wp-content\/uploads\/2025\/09\/USF-BA-4-Custom.webp","url":"https:\/\/rernlv.saavatar.top\/wp-content\/uploads\/2025\/09\/USF-BA-4-Custom-150x150.webp","full_url":"https:\/\/rernlv.saavatar.top\/wp-content\/uploads\/2025\/09\/USF-BA-4-Custom.webp","title":"USF-BA-4 (Custom)","caption":"","description":"","alt":"","srcset":"https:\/\/rernlv.saavatar.top\/wp-content\/uploads\/2025\/09\/USF-BA-4-Custom-150x150.webp 150w, https:\/\/rernlv.saavatar.top\/wp-content\/uploads\/2025\/09\/USF-BA-4-Custom-300x300.webp 300w, https:\/\/rernlv.saavatar.top\/wp-content\/uploads\/2025\/09\/USF-BA-4-Custom-100x100.webp 100w"},{"width":150,"height":150,"file":"2025\/09\/USF-BA-5-Custom.webp","filesize":"15836","sizes":{"medium":{"file":"USF-BA-5-Custom-300x200.webp","width":300,"height":200,"mime-type":"image\/webp","filesize":"4498","url":"https:\/\/rernlv.saavatar.top\/wp-content\/uploads\/2025\/09\/USF-BA-5-Custom-300x200.webp"},"thumbnail":{"file":"USF-BA-5-Custom-150x150.webp","width":150,"height":150,"mime-type":"image\/webp","filesize":"2212","url":"https:\/\/rernlv.saavatar.top\/wp-content\/uploads\/2025\/09\/USF-BA-5-Custom-150x150.webp"},"trp-custom-language-flag":{"file":"USF-BA-5-Custom-18x12.webp","width":18,"height":12,"mime-type":"image\/webp","filesize":"132","url":"https:\/\/rernlv.saavatar.top\/wp-content\/uploads\/2025\/09\/USF-BA-5-Custom-18x12.webp"},"woocommerce_archive_thumbnail":{"file":"USF-BA-5-Custom-500x442.webp","width":500,"height":442,"mime-type":"image\/webp","filesize":"13120","url":"https:\/\/rernlv.saavatar.top\/wp-content\/uploads\/2025\/09\/USF-BA-5-Custom-500x442.webp"},"woocommerce_thumbnail":{"file":"USF-BA-5-Custom-300x300.webp","width":300,"height":300,"mime-type":"image\/webp","filesize":"5514","uncropped":false,"url":"https:\/\/rernlv.saavatar.top\/wp-content\/uploads\/2025\/09\/USF-BA-5-Custom-300x300.webp"},"woocommerce_single":{"file":"USF-BA-5-Custom-600x400.webp","width":600,"height":400,"mime-type":"image\/webp","filesize":"12440","url":"https:\/\/rernlv.saavatar.top\/wp-content\/uploads\/2025\/09\/USF-BA-5-Custom-600x400.webp"},"woocommerce_gallery_thumbnail":{"file":"USF-BA-5-Custom-100x100.webp","width":100,"height":100,"mime-type":"image\/webp","filesize":"1260","url":"https:\/\/rernlv.saavatar.top\/wp-content\/uploads\/2025\/09\/USF-BA-5-Custom-100x100.webp"},"dgwt-wcas-product-suggestion":{"file":"USF-BA-5-Custom-64x43.webp","width":64,"height":43,"mime-type":"image\/webp","filesize":"564","url":"https:\/\/rernlv.saavatar.top\/wp-content\/uploads\/2025\/09\/USF-BA-5-Custom-64x43.webp"}},"image_meta":{"aperture":"0","credit":"","camera":"","caption":"","created_timestamp":"0","copyright":"","focal_length":"0","iso":"0","shutter_speed":"0","title":"","orientation":"0","keywords":[]},"ID":"8958","name":"USF-BA-5-Custom.webp","path":"\/home\/0VI38IMT8zU9J7hh\/UnitedSeatFactory\/public_html\/wp-content\/uploads\/2025\/09\/USF-BA-5-Custom.webp","url":"https:\/\/rernlv.saavatar.top\/wp-content\/uploads\/2025\/09\/USF-BA-5-Custom-150x150.webp","full_url":"https:\/\/rernlv.saavatar.top\/wp-content\/uploads\/2025\/09\/USF-BA-5-Custom.webp","title":"USF-BA-5 (Custom)","caption":"","description":"","alt":"","srcset":"https:\/\/rernlv.saavatar.top\/wp-content\/uploads\/2025\/09\/USF-BA-5-Custom-150x150.webp 150w, https:\/\/rernlv.saavatar.top\/wp-content\/uploads\/2025\/09\/USF-BA-5-Custom-300x300.webp 300w, https:\/\/rernlv.saavatar.top\/wp-content\/uploads\/2025\/09\/USF-BA-5-Custom-100x100.webp 100w"}]},"_links":{"self":[{"href":"https:\/\/rernlv.saavatar.top\/es\/wp-json\/wp\/v2\/product\/104471","targetHints":{"allow":["GET"]}}],"collection":[{"href":"https:\/\/rernlv.saavatar.top\/es\/wp-json\/wp\/v2\/product"}],"about":[{"href":"https:\/\/rernlv.saavatar.top\/es\/wp-json\/wp\/v2\/types\/product"}],"replies":[{"embeddable":true,"href":"https:\/\/rernlv.saavatar.top\/es\/wp-json\/wp\/v2\/comments?post=104471"}],"wp:featuredmedia":[{"embeddable":true,"href":"https:\/\/rernlv.saavatar.top\/es\/wp-json\/wp\/v2\/media\/104475"}],"wp:attachment":[{"href":"https:\/\/rernlv.saavatar.top\/es\/wp-json\/wp\/v2\/media?parent=104471"}],"wp:term":[{"taxonomy":"product_brand","embeddable":true,"href":"https:\/\/rernlv.saavatar.top\/es\/wp-json\/wp\/v2\/product_brand?post=104471"},{"taxonomy":"product_cat","embeddable":true,"href":"https:\/\/rernlv.saavatar.top\/es\/wp-json\/wp\/v2\/product_cat?post=104471"},{"taxonomy":"product_tag","embeddable":true,"href":"https:\/\/rernlv.saavatar.top\/es\/wp-json\/wp\/v2\/product_tag?post=104471"}],"curies":[{"name":"wp","href":"https:\/\/api.w.org\/{rel}","templated":true}]}}