{"id":105433,"date":"2026-04-20T15:48:38","date_gmt":"2026-04-20T10:48:38","guid":{"rendered":"https:\/\/rernlv.saavatar.top\/?page_id=105433"},"modified":"2026-04-20T18:47:33","modified_gmt":"2026-04-20T13:47:33","slug":"nuestro-programa-mayorista","status":"publish","type":"page","link":"https:\/\/rernlv.saavatar.top\/es\/our-wholesale-program\/","title":{"rendered":"Nuestro programa mayorista"},"content":{"rendered":"<style>.kb-row-layout-id105433_0f5ec7-5d > .kt-row-column-wrap{align-content:start;}:where(.kb-row-layout-id105433_0f5ec7-5d > .kt-row-column-wrap) > .wp-block-kadence-column{justify-content:start;}.kb-row-layout-id105433_0f5ec7-5d > .kt-row-column-wrap{column-gap:var(--global-kb-gap-md, 2rem);row-gap:var(--global-kb-gap-md, 2rem);max-width:1390px;padding-top:var(--global-kb-spacing-sm, 1.5rem);padding-bottom:var(--global-kb-spacing-sm, 1.5rem);min-height:600px;grid-template-columns:minmax(0, 1fr);}.kb-row-layout-id105433_0f5ec7-5d{background-image:url('https:\/\/rernlv.saavatar.top\/wp-content\/uploads\/2026\/04\/USF-Our-Wholesale-Program-2.webp');background-size:cover;background-position:82% 69%;background-attachment:scroll;background-repeat:no-repeat;}.kb-row-layout-id105433_0f5ec7-5d > .kt-row-layout-overlay{opacity:0.30;}@media all and (max-width: 1024px){.kb-row-layout-id105433_0f5ec7-5d > .kt-row-column-wrap{min-height:350px;grid-template-columns:minmax(0, 1fr);}}@media all and (max-width: 767px){.kb-row-layout-id105433_0f5ec7-5d > .kt-row-column-wrap{grid-template-columns:minmax(0, 1fr);}.kb-row-layout-wrap.wp-block-kadence-rowlayout.kb-row-layout-id105433_0f5ec7-5d{background-image:url('https:\/\/rernlv.saavatar.top\/wp-content\/uploads\/2026\/04\/USF-Our-Wholesale-Program-2.webp');background-size:cover;background-position:center center;background-attachment:scroll;background-repeat:no-repeat;}}<\/style><div class=\"kb-row-layout-wrap kb-row-layout-id105433_0f5ec7-5d alignfull kt-row-has-bg wp-block-kadence-rowlayout\"><div class=\"kt-row-column-wrap kt-has-1-columns kt-row-layout-equal kt-tab-layout-inherit kt-mobile-layout-row kt-row-valign-top kb-theme-content-width\">\n<style>.kadence-column105433_c56a5f-34 > .kt-inside-inner-col,.kadence-column105433_c56a5f-34 > .kt-inside-inner-col:before{border-top-left-radius:0px;border-top-right-radius:0px;border-bottom-right-radius:0px;border-bottom-left-radius:0px;}.kadence-column105433_c56a5f-34 > .kt-inside-inner-col{column-gap:var(--global-kb-gap-sm, 1rem);}.kadence-column105433_c56a5f-34 > .kt-inside-inner-col{flex-direction:column;}.kadence-column105433_c56a5f-34 > .kt-inside-inner-col > .aligncenter{width:100%;}.kadence-column105433_c56a5f-34 > .kt-inside-inner-col:before{opacity:0.3;}.kadence-column105433_c56a5f-34{position:relative;}@media all and (max-width: 1024px){.kadence-column105433_c56a5f-34 > .kt-inside-inner-col{flex-direction:column;justify-content:center;}}@media all and (max-width: 767px){.kadence-column105433_c56a5f-34 > .kt-inside-inner-col{flex-direction:column;justify-content:center;}}<\/style>\n<div class=\"wp-block-kadence-column kadence-column105433_c56a5f-34\"><div class=\"kt-inside-inner-col\"><\/div><\/div>\n\n<\/div><\/div>\n\n<style>.kb-row-layout-id105433_de8a13-e8 > .kt-row-column-wrap{align-content:start;}:where(.kb-row-layout-id105433_de8a13-e8 > .kt-row-column-wrap) > .wp-block-kadence-column{justify-content:start;}.kb-row-layout-id105433_de8a13-e8 > .kt-row-column-wrap{column-gap:150px;row-gap:var(--global-kb-gap-md, 2rem);max-width:1390px;padding-top:var(--global-kb-spacing-3xl, 6.5rem);padding-bottom:var(--global-kb-spacing-3xl, 6.5rem);grid-template-columns:minmax(0, calc(65% - ((150px * 1 )\/2)))minmax(0, calc(35% - ((150px * 1 )\/2)));}.kb-row-layout-id105433_de8a13-e8 > .kt-row-layout-overlay{opacity:0.30;}@media all and (max-width: 1024px){.kb-row-layout-id105433_de8a13-e8 > .kt-row-column-wrap{padding-top:var(--global-kb-spacing-xxl, 5rem);padding-bottom:var(--global-kb-spacing-xxl, 5rem);grid-template-columns:minmax(0, 1fr);}}@media all and (max-width: 767px){.kb-row-layout-id105433_de8a13-e8 > .kt-row-column-wrap{grid-template-columns:minmax(0, 1fr);}}<\/style><div class=\"kb-row-layout-wrap kb-row-layout-id105433_de8a13-e8 alignfull has-palette-color-8-background-color kt-row-has-bg wp-block-kadence-rowlayout\" id=\"our-story\"><div class=\"kt-row-column-wrap kt-has-2-columns kt-row-layout-equal kt-tab-layout-row kt-mobile-layout-row kt-row-valign-top kb-theme-content-width\">\n<style>.kadence-column105433_a7acc3-42 > .kt-inside-inner-col,.kadence-column105433_a7acc3-42 > .kt-inside-inner-col:before{border-top-left-radius:0px;border-top-right-radius:0px;border-bottom-right-radius:0px;border-bottom-left-radius:0px;}.kadence-column105433_a7acc3-42 > .kt-inside-inner-col{column-gap:var(--global-kb-gap-sm, 1rem);}.kadence-column105433_a7acc3-42 > .kt-inside-inner-col{flex-direction:column;}.kadence-column105433_a7acc3-42 > .kt-inside-inner-col > .aligncenter{width:100%;}.kadence-column105433_a7acc3-42 > .kt-inside-inner-col:before{opacity:0.3;}.kadence-column105433_a7acc3-42{position:relative;}@media all and (max-width: 1024px){.kadence-column105433_a7acc3-42 > .kt-inside-inner-col{flex-direction:column;justify-content:center;}}@media all and (max-width: 767px){.kadence-column105433_a7acc3-42 > .kt-inside-inner-col{flex-direction:column;justify-content:center;}}<\/style>\n<div class=\"wp-block-kadence-column kadence-column105433_a7acc3-42\"><div class=\"kt-inside-inner-col\"><style>.wp-block-kadence-advancedheading.kt-adv-heading105433_dae5e7-2c, .wp-block-kadence-advancedheading.kt-adv-heading105433_dae5e7-2c[data-kb-block=\"kb-adv-heading105433_dae5e7-2c\"]{margin-bottom:var(--global-kb-spacing-xs, 1rem);font-style:normal;}.wp-block-kadence-advancedheading.kt-adv-heading105433_dae5e7-2c mark.kt-highlight, .wp-block-kadence-advancedheading.kt-adv-heading105433_dae5e7-2c[data-kb-block=\"kb-adv-heading105433_dae5e7-2c\"] mark.kt-highlight{font-style:normal;color:#f76a0c;-webkit-box-decoration-break:clone;box-decoration-break:clone;padding-top:0px;padding-right:0px;padding-bottom:0px;padding-left:0px;}.wp-block-kadence-advancedheading.kt-adv-heading105433_dae5e7-2c img.kb-inline-image, .wp-block-kadence-advancedheading.kt-adv-heading105433_dae5e7-2c[data-kb-block=\"kb-adv-heading105433_dae5e7-2c\"] img.kb-inline-image{width:150px;vertical-align:baseline;}<\/style>\n<h2 class=\"kt-adv-heading105433_dae5e7-2c wp-block-kadence-advancedheading\" data-kb-block=\"kb-adv-heading105433_dae5e7-2c\">Partner With United Seat Factory<\/h2>\n\n\n<style>.wp-block-kadence-advancedheading.kt-adv-heading105433_43e447-f2, .wp-block-kadence-advancedheading.kt-adv-heading105433_43e447-f2[data-kb-block=\"kb-adv-heading105433_43e447-f2\"]{font-style:normal;}.wp-block-kadence-advancedheading.kt-adv-heading105433_43e447-f2 mark.kt-highlight, .wp-block-kadence-advancedheading.kt-adv-heading105433_43e447-f2[data-kb-block=\"kb-adv-heading105433_43e447-f2\"] mark.kt-highlight{font-style:normal;color:#f76a0c;-webkit-box-decoration-break:clone;box-decoration-break:clone;padding-top:0px;padding-right:0px;padding-bottom:0px;padding-left:0px;}.wp-block-kadence-advancedheading.kt-adv-heading105433_43e447-f2 img.kb-inline-image, .wp-block-kadence-advancedheading.kt-adv-heading105433_43e447-f2[data-kb-block=\"kb-adv-heading105433_43e447-f2\"] img.kb-inline-image{width:150px;vertical-align:baseline;}<\/style>\n<h3 class=\"kt-adv-heading105433_43e447-f2 wp-block-kadence-advancedheading\" data-kb-block=\"kb-adv-heading105433_43e447-f2\"><em>A Trusted Manufacturing Partner for OEM-Replacement Seat Covers<\/em><\/h3>\n\n\n\n<p>Are you a professional installer, upholstery shop, automotive dealer, or fleet manager? Our wholesale program delivers the following benefits:<\/p>\n\n\n\n<ul class=\"wp-block-list\">\n<li>Wholesale pricing<\/li>\n\n\n\n<li>Direct customer referrals<\/li>\n\n\n\n<li>Access to the largest seat cover pattern library in the market<\/li>\n\n\n\n<li>Dedicated customer service team<\/li>\n\n\n\n<li>Long-term supply consistency<\/li>\n<\/ul>\n\n\n\n<p>At United Seat Factory, we\u2019ve spent over 20 years manufacturing OEM-style replacement seat covers trusted for precision and consistency. We support 1,000+ upholstery shops and installers nationwide and operate the largest pattern libraries in the industry.<\/p>\n\n\n<style>.wp-block-kadence-advancedheading.kt-adv-heading105433_a711d4-e1, .wp-block-kadence-advancedheading.kt-adv-heading105433_a711d4-e1[data-kb-block=\"kb-adv-heading105433_a711d4-e1\"]{font-style:normal;}.wp-block-kadence-advancedheading.kt-adv-heading105433_a711d4-e1 mark.kt-highlight, .wp-block-kadence-advancedheading.kt-adv-heading105433_a711d4-e1[data-kb-block=\"kb-adv-heading105433_a711d4-e1\"] mark.kt-highlight{font-style:normal;color:#f76a0c;-webkit-box-decoration-break:clone;box-decoration-break:clone;padding-top:0px;padding-right:0px;padding-bottom:0px;padding-left:0px;}.wp-block-kadence-advancedheading.kt-adv-heading105433_a711d4-e1 img.kb-inline-image, .wp-block-kadence-advancedheading.kt-adv-heading105433_a711d4-e1[data-kb-block=\"kb-adv-heading105433_a711d4-e1\"] img.kb-inline-image{width:150px;vertical-align:baseline;}<\/style>\n<h3 class=\"kt-adv-heading105433_a711d4-e1 wp-block-kadence-advancedheading\" data-kb-block=\"kb-adv-heading105433_a711d4-e1\"><em>Get Started<\/em><\/h3>\n\n\n\n<p>We keep the process simple for professional partners.<\/p>\n\n\n\n<p><strong>To join our program send a request by email or call us today:<\/strong><\/p>\n\n\n\n<p>Phone:&nbsp;<a href=\"tel:+12815031709\">(281) 503-1709<\/a><br>Email:&nbsp;<a href=\"mailto:sales@seatfactory.com\">sales@seatfactory.com<\/a><\/p>\n\n\n\n<p>To qualify for the Wholesale Program, maintain an annual spend of <strong>$1,000<\/strong>. Approved install partners are listed on our website and eligible for ongoing customer referrals and business opportunities through our network.<\/p>\n\n\n\n<p>We\u2019re here to support your business with reliable products, consistent supply, and a long-term partnership built for growth.<\/p>\n<\/div><\/div>\n\n\n<style>.kadence-column105433_821206-5a > .kt-inside-inner-col,.kadence-column105433_821206-5a > .kt-inside-inner-col:before{border-top-left-radius:0px;border-top-right-radius:0px;border-bottom-right-radius:0px;border-bottom-left-radius:0px;}.kadence-column105433_821206-5a > .kt-inside-inner-col{column-gap:var(--global-kb-gap-sm, 1rem);}.kadence-column105433_821206-5a > .kt-inside-inner-col{flex-direction:column;}.kadence-column105433_821206-5a > .kt-inside-inner-col > .aligncenter{width:100%;}.kadence-column105433_821206-5a > .kt-inside-inner-col:before{opacity:0.3;}.kadence-column105433_821206-5a{position:relative;}@media all and (max-width: 1024px){.kadence-column105433_821206-5a > .kt-inside-inner-col{flex-direction:column;justify-content:center;}}@media all and (max-width: 767px){.kadence-column105433_821206-5a > .kt-inside-inner-col{flex-direction:column;justify-content:center;}}<\/style>\n<div class=\"wp-block-kadence-column kadence-column105433_821206-5a\"><div class=\"kt-inside-inner-col\"><style>.kb-image105433_c9448e-11 .kb-image-has-overlay:after{opacity:0.3;border-top-left-radius:24px;border-top-right-radius:24px;border-bottom-right-radius:24px;border-bottom-left-radius:24px;}.kb-image105433_c9448e-11 img.kb-img, .kb-image105433_c9448e-11 .kb-img img{border-top-left-radius:24px;border-top-right-radius:24px;border-bottom-right-radius:24px;border-bottom-left-radius:24px;object-position:54% 43%;}<\/style>\n<figure class=\"wp-block-kadence-image kb-image105433_c9448e-11 size-full kb-image-is-ratio-size\"><div class=\"kb-is-ratio-image kb-image-ratio-port34\"><img decoding=\"async\" src=\"https:\/\/rernlv.saavatar.top\/wp-content\/uploads\/2026\/04\/USF-Our-Wholesale-Program-1.jpg\" alt=\"\" class=\"kb-img wp-image-105436\"><\/div><\/figure>\n<\/div><\/div>\n\n<\/div><\/div>","protected":false},"excerpt":{"rendered":"<p>El programa mayorista de United Seat Factory ofrece a instaladores, talleres y distribuidores acceso a fundas para asientos de estilo OEM con una calidad constante, precios al por mayor y recomendaciones de clientes, todo ello respaldado por m\u00e1s de 20 a\u00f1os de experiencia en la fabricaci\u00f3n.<\/p>","protected":false},"author":26,"featured_media":105455,"parent":0,"menu_order":0,"comment_status":"closed","ping_status":"closed","template":"","meta":{"_kad_blocks_custom_css":"","_kad_blocks_head_custom_js":"","_kad_blocks_body_custom_js":"","_kad_blocks_footer_custom_js":"","footnotes":""},"class_list":["post-105433","page","type-page","status-publish","has-post-thumbnail","hentry"],"blocksy_meta":[],"taxonomy_info":[],"featured_image_src_large":["https:\/\/rernlv.saavatar.top\/wp-content\/uploads\/2026\/04\/USF-Our-Wholesale-Program-2-1024x358.webp",1024,358,true],"author_info":{"display_name":"Mahboubeh Tabatabaei","author_link":"https:\/\/rernlv.saavatar.top\/es\/author\/mahboubeh-tabatabaei\/"},"comment_info":0,"meta_box":[],"_links":{"self":[{"href":"https:\/\/rernlv.saavatar.top\/es\/wp-json\/wp\/v2\/pages\/105433","targetHints":{"allow":["GET"]}}],"collection":[{"href":"https:\/\/rernlv.saavatar.top\/es\/wp-json\/wp\/v2\/pages"}],"about":[{"href":"https:\/\/rernlv.saavatar.top\/es\/wp-json\/wp\/v2\/types\/page"}],"author":[{"embeddable":true,"href":"https:\/\/rernlv.saavatar.top\/es\/wp-json\/wp\/v2\/users\/26"}],"replies":[{"embeddable":true,"href":"https:\/\/rernlv.saavatar.top\/es\/wp-json\/wp\/v2\/comments?post=105433"}],"version-history":[{"count":0,"href":"https:\/\/rernlv.saavatar.top\/es\/wp-json\/wp\/v2\/pages\/105433\/revisions"}],"wp:featuredmedia":[{"embeddable":true,"href":"https:\/\/rernlv.saavatar.top\/es\/wp-json\/wp\/v2\/media\/105455"}],"wp:attachment":[{"href":"https:\/\/rernlv.saavatar.top\/es\/wp-json\/wp\/v2\/media?parent=105433"}],"curies":[{"name":"wp","href":"https:\/\/api.w.org\/{rel}","templated":true}]}}